{"id":3332,"date":"2019-08-19T09:37:27","date_gmt":"2019-08-19T02:37:27","guid":{"rendered":"http:\/\/mau3.maudep.com.vn\/dodong\/?post_type=product&#038;p=3332"},"modified":"2019-08-20T14:45:09","modified_gmt":"2019-08-20T07:45:09","slug":"mam-dong-tu-linh-chu-tho-nho","status":"publish","type":"product","link":"https:\/\/dodong.mauthemewp.com\/?product=mam-dong-tu-linh-chu-tho-nho","title":{"rendered":"M\u00e2m \u0111\u1ed3ng t\u1ee9 linh ch\u1eef Th\u1ecd (nho)"},"content":{"rendered":"<p><img decoding=\"async\" loading=\"lazy\" class=\"alignnone wp-image-3218 aligncenter\" src=\"http:\/\/mau3.maudep.com.vn\/dodong\/wp-content\/uploads\/2019\/07\/294-300x157.jpg\" alt=\"Ch\u01b0\u0303 Phu\u0301c\" width=\"766\" height=\"401\" srcset=\"https:\/\/dodong.mauthemewp.com\/wp-content\/uploads\/2019\/07\/294-300x157.jpg 300w, https:\/\/dodong.mauthemewp.com\/wp-content\/uploads\/2019\/07\/294-180x94.jpg 180w, https:\/\/dodong.mauthemewp.com\/wp-content\/uploads\/2019\/07\/294-600x314.jpg 600w, https:\/\/dodong.mauthemewp.com\/wp-content\/uploads\/2019\/07\/294.jpg 700w\" sizes=\"(max-width: 766px) 100vw, 766px\" \/><\/p>\n<p><strong>Phu\u0301c L\u00f4\u0323c Tho\u0323 l\u00e0 thu\u1eadt ng\u1eef th\u01b0\u1eddng \u0111\u01b0\u1ee3c s\u1eed d\u1ee5ng trong v\u0103n ho\u0301a Ph\u01b0\u01a1ng \u0110\u00f4ng no\u0301i chung, v\u0103n ho\u0301a Vi\u00ea\u0323t Nam no\u0301i ri\u00eang v\u00e0 nh\u1eefng v\u0103n h\u00f3a ch\u1ecbu \u1ea3nh h\u01b0\u1edfng t\u1eeb n\u00f3, \u0111\u1ec3 n\u00f3i v\u1ec1 ba \u0111i\u1ec1u c\u01a1 b\u1ea3n c\u1ee7a m\u1ed9t cu\u1ed9c s\u1ed1ng t\u1ed1t \u0111\u1eb9p l\u00e0: nh\u1eefng \u0111i\u1ec1u l\u00e0nh (Ph\u00fac), s\u1ef1 th\u1ecbnh v\u01b0\u1ee3ng (L\u1ed9c), v\u00e0 tu\u1ed5i th\u1ecd (Th\u1ecd). M\u1ed7i \u0111i\u1ec1u t\u01b0\u1ee3ng tr\u01b0ng cho m\u1ed9t v\u1ecb th\u1ea7n, ba v\u1ecb n\u00e0y th\u01b0\u1eddng g\u1ecdi chung l\u00e0 ba \u00f4ng Ph\u00fac-L\u1ed9c-Th\u1ecd hay\u00a0Tam \u0110a, v\u00e0 th\u01b0\u1eddng kh\u00f4ng th\u00ea\u0309 t\u00e1ch r\u1eddi.<\/strong><\/p>\n<h2>\u00d4ng Phu\u0301c<\/h2>\n<p>\u00d4ng Phu\u0301c t\u01b0\u1ee3ng tr\u01b0ng cho s\u1ef1 may m\u1eafn, t\u1ed1t l\u00e0nh. T\u01b0\u01a1ng truy\u1ec1n, \u00d4ng Ph\u00fac l\u00e0 m\u1ed9t quan thanh li\u00eam c\u1ee7a tri\u1ec1u \u0111\u00ecnh. Theo quan ni\u1ec7m x\u01b0a, nh\u00e0 \u0111\u00f4ng con l\u00e0 nh\u00e0 c\u00f3 ph\u00fac n\u00ean \u0111\u00f4i khi c\u00f2n th\u1ea5y c\u00f3 m\u1ed9t \u0111\u1ee9a tr\u1ebb \u0111ang n\u1eafm l\u1ea5y \u00e1o \u00d4ng Ph\u00fac, ho\u1eb7c nhi\u1ec1u \u0111\u1ee9a tr\u1ebb v\u00e2y quanh \u00f4ng hay l\u00e0 c\u00f3 h\u00ecnh \u1ea3nh con d\u01a1i bay xu\u1ed1ng \u00f4ng (d\u01a1i ph\u00e1t \u00e2m gi\u1ed1ng &#8220;ph\u00fac&#8221;).<\/p>\n<p><img decoding=\"async\" loading=\"lazy\" class=\"alignnone wp-image-3317 aligncenter\" src=\"http:\/\/mau3.maudep.com.vn\/dodong\/wp-content\/uploads\/2019\/06\/0be6a3ae2adbcd8594ca-225x300.jpg\" alt=\"M\u00e2m \u0111\u00f4\u0300ng ch\u01b0\u0303 nho Ph\u00fac\" width=\"503\" height=\"670\" srcset=\"https:\/\/dodong.mauthemewp.com\/wp-content\/uploads\/2019\/06\/0be6a3ae2adbcd8594ca-225x300.jpg 225w, https:\/\/dodong.mauthemewp.com\/wp-content\/uploads\/2019\/06\/0be6a3ae2adbcd8594ca-768x1024.jpg 768w, https:\/\/dodong.mauthemewp.com\/wp-content\/uploads\/2019\/06\/0be6a3ae2adbcd8594ca-135x180.jpg 135w, https:\/\/dodong.mauthemewp.com\/wp-content\/uploads\/2019\/06\/0be6a3ae2adbcd8594ca-450x600.jpg 450w, https:\/\/dodong.mauthemewp.com\/wp-content\/uploads\/2019\/06\/0be6a3ae2adbcd8594ca.jpg 960w\" sizes=\"(max-width: 503px) 100vw, 503px\" \/><\/p>\n<p>&nbsp;<\/p>\n<h2><span id=\".C3.94ng_L.E1.BB.99c\"><\/span><span id=\"\u00d4ng_L\u1ed9c\" class=\"mw-headline\">\u00d4ng L\u00f4\u0323c<\/span><\/h2>\n<p><b>\u00d4ng L\u1ed9c<\/b>\u00a0hay\u00a0<b>Th\u1ea7n T\u00e0i<\/b>\u00a0t\u01b0\u1ee3ng tr\u01b0ng cho s\u1ef1 gi\u00e0u c\u00f3, th\u1ecbnh v\u01b0\u1ee3ng. Theo truy\u1ec1n thuy\u1ebft, \u00d4ng L\u1ed9c \u0111\u01b0\u1ee3c sinh t\u1ea1i Giang T\u00e2y, s\u1ed1ng trong th\u1eddi Thu\u0323c Ha\u0301n c\u1ee7a Trung Qu\u1ed1c, \u00f4ng c\u00f2n l\u00e0 m\u1ed9t quan l\u1edbn c\u1ee7a tri\u1ec1u \u0111\u00ecnh, c\u00f3 nhi\u1ec1u ti\u1ec1n c\u1ee7a. \u00d4ng th\u01b0\u1eddng m\u1eb7c \u00e1o m\u00e0u xanh l\u1ee5c v\u00ec trong ti\u1ebfng Hoa, &#8220;l\u1ed9c&#8221; ph\u00e1t \u00e2m g\u1ea7n v\u1edbi l\u1ee5c&#8221;, tay c\u1ea7m &#8220;c\u00e1i nh\u01b0 \u00fd&#8221; ho\u1eb7c th\u01b0\u1eddng c\u00f3 m\u1ed9t con h\u01b0\u01a1u \u0111\u1ee9ng b\u00ean c\u1ea1nh (h\u01b0\u01a1u c\u0169ng \u0111\u01b0\u1ee3c ph\u00e1t \u00e2m gi\u1ed1ng &#8220;l\u1ed9c&#8221;).<\/p>\n<p><img decoding=\"async\" loading=\"lazy\" class=\"wp-image-3319 aligncenter\" src=\"http:\/\/mau3.maudep.com.vn\/dodong\/wp-content\/uploads\/2019\/06\/3e0c3351c724207a7935-225x300.jpg\" alt=\"m\u00e2m \u0111\u00f4\u0300ng ch\u01b0\u0303 nho L\u00f4\u0323c\" width=\"504\" height=\"672\" srcset=\"https:\/\/dodong.mauthemewp.com\/wp-content\/uploads\/2019\/06\/3e0c3351c724207a7935-225x300.jpg 225w, https:\/\/dodong.mauthemewp.com\/wp-content\/uploads\/2019\/06\/3e0c3351c724207a7935-768x1024.jpg 768w, https:\/\/dodong.mauthemewp.com\/wp-content\/uploads\/2019\/06\/3e0c3351c724207a7935-135x180.jpg 135w, https:\/\/dodong.mauthemewp.com\/wp-content\/uploads\/2019\/06\/3e0c3351c724207a7935-450x600.jpg 450w, https:\/\/dodong.mauthemewp.com\/wp-content\/uploads\/2019\/06\/3e0c3351c724207a7935.jpg 1536w\" sizes=\"(max-width: 504px) 100vw, 504px\" \/><\/p>\n<p>&nbsp;<\/p>\n<h2><span id=\".C3.94ng_Th.E1.BB.8D\"><\/span><span id=\"\u00d4ng_Th\u1ecd\" class=\"mw-headline\">\u00d4ng Tho\u0323<\/span><\/h2>\n<p><b>\u00d4ng Th\u1ecd<\/b>\u00a0t\u01b0\u1ee3ng tr\u01b0ng cho s\u1ef1 s\u1ed1ng l\u00e2u v\u1edbi h\u00ecnh \u1ea3nh l\u00e0 m\u1ed9t \u00f4ng gi\u00e0 r\u00e2u t\u00f3c b\u1ea1c tr\u1eafng, tr\u00e1n h\u00f3i v\u00e0 d\u00f4 cao, tay c\u1ea7m qu\u1ea3 \u0111\u00e0o, b\u00ean c\u1ea1nh th\u01b0\u1eddng c\u00f3 th\u00eam c\u00f3 con ha\u0323c. Tr\u00ean g\u1eady c\u00f3 bu\u1ed9c th\u00eam h\u1ed3 l\u00f4. T\u1ea5t c\u1ea3 c\u00e1c bi\u1ec3u t\u01b0\u1ee3ng \u0111\u1ec1u t\u01b0\u1ee3ng tr\u01b0ng cho s\u1ef1 tr\u01b0\u1eddng th\u1ecd, b\u1ea5t t\u1eed.<\/p>\n<p><img decoding=\"async\" loading=\"lazy\" class=\"wp-image-3322 aligncenter\" src=\"http:\/\/mau3.maudep.com.vn\/dodong\/wp-content\/uploads\/2019\/06\/7700db802cf5cbab92e4-225x300.jpg\" alt=\"m\u00e2m \u0111\u1ed3ng t\u1ee9 linh ch\u1eef Th\u1ecd\" width=\"519\" height=\"692\" srcset=\"https:\/\/dodong.mauthemewp.com\/wp-content\/uploads\/2019\/06\/7700db802cf5cbab92e4-225x300.jpg 225w, https:\/\/dodong.mauthemewp.com\/wp-content\/uploads\/2019\/06\/7700db802cf5cbab92e4-768x1024.jpg 768w, https:\/\/dodong.mauthemewp.com\/wp-content\/uploads\/2019\/06\/7700db802cf5cbab92e4-135x180.jpg 135w, https:\/\/dodong.mauthemewp.com\/wp-content\/uploads\/2019\/06\/7700db802cf5cbab92e4-450x600.jpg 450w, https:\/\/dodong.mauthemewp.com\/wp-content\/uploads\/2019\/06\/7700db802cf5cbab92e4.jpg 1536w\" sizes=\"(max-width: 519px) 100vw, 519px\" \/><\/p>\n<p>&nbsp;<\/p>\n<h2><strong>M\u00e2m \u0111\u1ed3ng t\u1ee9 linh <\/strong><\/h2>\n<p>M\u00e2m \u0111\u1ed3ng t\u1ee9 linh \u0111\u01b0\u1ee3c ch\u1ea1m kh\u1eafc tinh x\u1ea3o v\u1edbi b\u1ed1n con v\u1eadt linh thi\u00eang \u1edf trung t\u00e2m, xung quang vo\u0300ng tro\u0300n \u0111\u00f4\u0300ng t\u00e2m la\u0300 12 con gia\u0301p. T\u1ee9 linh ngh\u0129a l\u00e0 c\u00f3 4 lo\u00e0i linh v\u1eadt ,ch\u00fang c\u00f3 m\u1eb7t trong v\u0103n h\u00f3a c\u1ee7a nhi\u1ec1u n\u01b0\u1edbc ph\u01b0\u01a1ng \u0110\u00f4ng trong \u0111\u00f3 c\u00f3 c\u1ea3 Vi\u1ec7t Nam.\u00a0Th\u1ef1c t\u1ebf, t\u1ee9 linh g\u1ed3m Long, L\u00e2n, Quy, Ph\u1ee5ng \u0111\u01b0\u1ee3c d\u00e2n gian b\u1eaft ngu\u1ed3n t\u1eeb b\u1ed1n linh th\u1ea7n:Thanh Long, B\u1ea1ch H\u1ed5, Huy\u1ec1n V\u0169 v\u00e0 Chu T\u01b0\u1edbc.\u00a0Ch\u00fang \u0111\u01b0\u1ee3c ng\u01b0\u1eddi x\u01b0a t\u1ea1o ra t\u1eeb b\u1ed1n ch\u00f2m sao c\u00f9ng t\u00ean \u1edf b\u1ed1n ph\u01b0\u01a1ng tr\u1eddi. Ch\u00fang mang b\u00ean m\u00ecnh b\u1ed1n nguy\u00ean t\u1ed1 t\u1ea1o th\u00e0nh tr\u1eddi \u0111\u1ea5t theo quan ni\u1ec7m c\u1ee7a ng\u01b0\u1eddi x\u01b0a (l\u1eeda, n\u01b0\u1edbc, \u0111\u1ea5t v\u00e0 gi\u00f3). \u0110\u1ea7y \u0111\u1ee7 v\u00e0 h\u00f2a h\u1ee3p c\u00e1c nguy\u00ean t\u1ed1 tr\u00ean ch\u00ednh l\u00e0 ti\u00eau ch\u00ed \u0111\u1ec3 l\u1ef1a ch\u1ecdn kinh \u0111\u00f4 c\u1ee7a c\u00e1c b\u1eadc \u0111\u1ebf v\u01b0\u01a1ng th\u1eddi x\u01b0a.<\/p>\n<p>&nbsp;<\/p>\n<p>&nbsp;<\/p>\n","protected":false},"excerpt":{"rendered":"<ul>\n<li>Uy t\u00edn \u2013 Ch\u1ea5t l\u01b0\u1ee3ng<\/li>\n<li>Si\u00eau b\u1ec1n si\u00eau \u0111\u1eb9p theo th\u1eddi gian<\/li>\n<li>Nguy\u00ean li\u1ec7u \u0111\u1ed3ng cao c\u1ea5p<\/li>\n<li>Ch\u1ea1m kh\u1eafc th\u1ee7 c\u00f4ng \u2013 tinh x\u1ea3o<\/li>\n<li>Lu\u00f4n c\u00f3 \u01b0u \u0111\u00e3i cho kh\u00e1ch h\u00e0ng<\/li>\n<li>T\u01b0 v\u1ea5n 24\/7<\/li>\n<li>Free ship to\u00e0n qu\u1ed1c<\/li>\n<\/ul>\n","protected":false},"featured_media":3322,"comment_status":"open","ping_status":"closed","template":"","meta":[],"_links":{"self":[{"href":"https:\/\/dodong.mauthemewp.com\/index.php?rest_route=\/wp\/v2\/product\/3332"}],"collection":[{"href":"https:\/\/dodong.mauthemewp.com\/index.php?rest_route=\/wp\/v2\/product"}],"about":[{"href":"https:\/\/dodong.mauthemewp.com\/index.php?rest_route=\/wp\/v2\/types\/product"}],"replies":[{"embeddable":true,"href":"https:\/\/dodong.mauthemewp.com\/index.php?rest_route=%2Fwp%2Fv2%2Fcomments&post=3332"}],"wp:featuredmedia":[{"embeddable":true,"href":"https:\/\/dodong.mauthemewp.com\/index.php?rest_route=\/wp\/v2\/media\/3322"}],"wp:attachment":[{"href":"https:\/\/dodong.mauthemewp.com\/index.php?rest_route=%2Fwp%2Fv2%2Fmedia&parent=3332"}],"curies":[{"name":"wp","href":"https:\/\/api.w.org\/{rel}","templated":true}]}}