{"id":3326,"date":"2019-08-19T09:26:33","date_gmt":"2019-08-19T02:26:33","guid":{"rendered":"http:\/\/mau3.maudep.com.vn\/dodong\/?post_type=product&#038;p=3326"},"modified":"2019-08-20T15:15:48","modified_gmt":"2019-08-20T08:15:48","slug":"mam-dong-cuu-long-gia-co","status":"publish","type":"product","link":"https:\/\/dodong.mauthemewp.com\/?product=mam-dong-cuu-long-gia-co","title":{"rendered":"M\u00e2m \u0111\u1ed3ng c\u1eedu long (gi\u1ea3 c\u1ed5)"},"content":{"rendered":"<h2>M\u00e2m \u0111\u1ed3ng c\u1eedu long<\/h2>\n<p>&nbsp;<\/p>\n<h2>R\u1ed3ng<\/h2>\n<p><img decoding=\"async\" loading=\"lazy\" class=\" wp-image-3340 aligncenter\" src=\"http:\/\/mau3.maudep.com.vn\/dodong\/wp-content\/uploads\/2019\/08\/r\u1ed3ng-2-300x225.jpg\" alt=\"r\u1ed3ng c\u1eedu long 1\" width=\"727\" height=\"545\" srcset=\"https:\/\/dodong.mauthemewp.com\/wp-content\/uploads\/2019\/08\/r\u1ed3ng-2-300x225.jpg 300w, https:\/\/dodong.mauthemewp.com\/wp-content\/uploads\/2019\/08\/r\u1ed3ng-2-768x576.jpg 768w, https:\/\/dodong.mauthemewp.com\/wp-content\/uploads\/2019\/08\/r\u1ed3ng-2-1024x768.jpg 1024w, https:\/\/dodong.mauthemewp.com\/wp-content\/uploads\/2019\/08\/r\u1ed3ng-2-180x135.jpg 180w, https:\/\/dodong.mauthemewp.com\/wp-content\/uploads\/2019\/08\/r\u1ed3ng-2-600x450.jpg 600w, https:\/\/dodong.mauthemewp.com\/wp-content\/uploads\/2019\/08\/r\u1ed3ng-2.jpg 1600w\" sizes=\"(max-width: 727px) 100vw, 727px\" \/><\/p>\n<p>R\u1ed3ng l\u00e0 m\u1ed9t con v\u1eadt th\u1ea7n tho\u1ea1i xu\u1ea5t hi\u1ec7n trong nhi\u1ec1u n\u1ec1n v\u0103n h\u00f3a kh\u00e1c nhau t\u1eeb \u0110\u00f4ng sang T\u00e2y v\u00e0 \u0111\u01b0\u1ee3c t\u00f4n th\u1edd \u1edf nhi\u1ec1u n\u01b0\u1edbc ch\u00e2u \u00e1. Ch\u00fang l\u00e0 bi\u1ec3u t\u01b0\u1ee3ng s\u1ee9c m\u1ea1nh tuy\u1ec7t v\u1eddi, hay \u0111\u01b0\u1ee3c d\u00f9ng \u0111\u1ec3 \u0111\u1ea1i di\u1ec7n cho ho\u00e0ng \u0111\u1ebf. Con r\u1ed3ng t\u01b0\u1ee3ng tr\u01b0ng cho quy\u1ec1n l\u1ef1c, n\u0103ng l\u01b0\u1ee3ng d\u0169ng m\u00e3nh, gi\u00fap thu h\u00fat ti\u1ec1n t\u00e0i v\u00e0 kh\u1ea3 n\u0103ng sinh s\u1ea3n.<\/p>\n<p><strong>\u00c2m v\u00e0 D\u01b0\u01a1ng<\/strong>\u00a0trong t\u00e2m linh, r\u1ed3ng hay xu\u1ea5t hi\u1ec7n l\u00fac m\u1eb7t tr\u1eddi m\u1ecdc, v\u00e0o kho\u1ea3ng gi\u1eefa m\u00f9a xu\u00e2n v\u00e0 m\u00f9a h\u00e8, t\u01b0\u1ee3ng tr\u01b0ng cho s\u1ef1 th\u1ecbnh v\u01b0\u1ee3ng, d\u1ed3i d\u00e0o. R\u1ed3ng l\u00e0 bi\u1ec3u t\u01b0\u1ee3ng \u0111\u1eb9p mang l\u1ea1i s\u1ee9c t\u00e1i sinh m\u1ea1nh m\u1ebd. Con r\u1ed3ng hay \u0111\u01b0\u1ee3c kh\u1eafc h\u1ecda mi\u1ec7ng ng\u1eadm m\u1ed9t vi\u00ean ng\u1ecdc. Ng\u1ecdc n\u00e0y t\u01b0\u1ee3ng tr\u01b0ng cho v\u0169 tr\u1ee5, s\u1ea5m s\u00e9t mang l\u1ea1i m\u01b0a cho m\u00f9a m\u00e0ng t\u1ed1t t\u01b0\u01a1i.<\/p>\n<h2>Nh\u1eefng \u0111\u1ee9a con c\u1ee7a r\u1ed3ng<\/h2>\n<div>Trong truy\u1ec1n thuy\u1ebft, r\u1ed3ng c\u00f3 9 \u0111\u1ee9a con v\u1edbi h\u00ecnh d\u00e1ng v\u00e0 s\u1edf th\u00edch kh\u00e1c nhau, \u0111\u01b0\u1ee3c s\u1eed d\u1ee5ng kh\u00e1c nhau trong phong th\u1ee7y v\u1edbi \u00fd ngh\u0129a ri\u00eang.<\/div>\n<div><img decoding=\"async\" loading=\"lazy\" class=\" wp-image-3339 aligncenter\" src=\"http:\/\/mau3.maudep.com.vn\/dodong\/wp-content\/uploads\/2019\/08\/r\u1ed3ng-1-300x175.jpg\" alt=\"r\u1ed3ng c\u1eedu long\" width=\"744\" height=\"434\" srcset=\"https:\/\/dodong.mauthemewp.com\/wp-content\/uploads\/2019\/08\/r\u1ed3ng-1-300x175.jpg 300w, https:\/\/dodong.mauthemewp.com\/wp-content\/uploads\/2019\/08\/r\u1ed3ng-1-768x448.jpg 768w, https:\/\/dodong.mauthemewp.com\/wp-content\/uploads\/2019\/08\/r\u1ed3ng-1-1024x598.jpg 1024w, https:\/\/dodong.mauthemewp.com\/wp-content\/uploads\/2019\/08\/r\u1ed3ng-1-180x105.jpg 180w, https:\/\/dodong.mauthemewp.com\/wp-content\/uploads\/2019\/08\/r\u1ed3ng-1-600x350.jpg 600w, https:\/\/dodong.mauthemewp.com\/wp-content\/uploads\/2019\/08\/r\u1ed3ng-1.jpg 1170w\" sizes=\"(max-width: 744px) 100vw, 744px\" \/><\/div>\n<div><\/div>\n<div><strong>B\u1ecb h\u00ed<\/strong>\u00a0l\u00e0 con tr\u01b0\u1edfng c\u1ee7a r\u1ed3ng, c\u00f3 h\u00ecnh d\u00e1ng th\u00e2n r\u00f9a, \u0111\u1ea7u r\u1ed3ng. B\u1ecb h\u00ed c\u00f3 s\u1ee9c m\u1ea1nh v\u01b0\u1ee3t b\u1eadc, ch\u1ecbu \u0111\u01b0\u1ee3c tr\u1ecdng l\u01b0\u1ee3ng l\u1edbn n\u00ean th\u01b0\u1eddng \u0111\u01b0\u1ee3c ch\u1ea1m kh\u1eafc trang tr\u00ed l\u00e0m b\u1ec7 \u0111\u1ee1 cho c\u00e1c b\u1ec7 \u0111\u00e1, c\u1ed9t \u0111\u00e1, bia \u0111\u00e1.<\/div>\n<div><\/div>\n<div><strong>Li v\u1eabn<\/strong>, con th\u1ee9 hai c\u1ee7a r\u1ed3ng, l\u00e0 linh v\u1eadt c\u00f3 \u0111\u1ea7u r\u1ed3ng, mi\u1ec7ng r\u1ed9ng, th\u00e2n ng\u1eafn. T\u01b0\u01a1ng truy\u1ec1n li v\u1eabn th\u00edch ng\u1eafm c\u1ea3nh v\u00e0 th\u01b0\u1eddng gi\u00fap d\u00e2n di\u1ec7t h\u1ecfa ho\u1ea1n n\u00ean \u0111\u01b0\u1ee3c ch\u1ea1m kh\u1eafc l\u00e0m v\u1eadt trang tr\u00ed tr\u00ean n\u00f3c c\u00e1c cung \u0111i\u1ec7n c\u1ed5, ch\u00f9a chi\u1ec1n, \u0111\u1ec1n \u0111\u00e0i&#8230; ng\u1ee5 \u00fd c\u1ea7u tr\u1ea5n h\u1ecfa, b\u1ea3o v\u1ec7 b\u00ecnh y\u00ean cho c\u00f4ng tr\u00ecnh.<\/div>\n<div><\/div>\n<div><strong>\u00a0B\u1ed3 lao<\/strong>, con th\u1ee9 ba, l\u00e0 linh v\u1eadt th\u00edch \u00e2m thanh l\u1edbn, th\u01b0\u1eddng \u0111\u01b0\u1ee3c \u0111\u00fac tr\u00ean quai chu\u00f4ng v\u1edbi mong mu\u1ed1n chi\u1ebfc chu\u00f4ng \u0111\u01b0\u1ee3c \u0111\u00fac c\u00f3 \u00e2m thanh nh\u01b0 \u00fd mu\u1ed1n.<\/div>\n<div><\/div>\n<div><strong>\u00a0B\u1ec7 ng\u1ea1n<\/strong>, con th\u1ee9 t\u01b0, c\u00f3 h\u00ecnh d\u00e1ng gi\u1ed1ng h\u1ed5, r\u0103ng nanh d\u00e0i v\u00e0 s\u1eafc, c\u00f3 s\u1ee9c th\u1ecb uy l\u1edbn. Theo truy\u1ec1n thuy\u1ebft, b\u1ec7 ng\u1ea1n r\u1ea5t th\u00edch l\u00fd l\u1ebd v\u00e0 c\u00f3 t\u00e0i c\u00e3i l\u00fd \u0111\u00f2i s\u1ef1 c\u00f4ng b\u1eb1ng khi c\u00f3 b\u1ea5t c\u00f4ng, nh\u1edd v\u1eady b\u1ec7 ng\u1ea1n th\u01b0\u1eddng \u0111\u01b0\u1ee3c \u0111\u1eb7t \u1edf c\u1eeda nh\u00e0 ng\u1ee5c hay ph\u00e1p \u0111\u01b0\u1eddng, ng\u1ee5 \u00fd r\u0103n \u0111e ng\u01b0\u1eddi ph\u1ea1m t\u1ed9i v\u00e0 nh\u1eafc nh\u1edf m\u1ecdi ng\u01b0\u1eddi n\u00ean s\u1ed1ng l\u01b0\u01a1ng thi\u1ec7n.<\/div>\n<div><\/div>\n<div><strong>Thao thi\u1ebft<\/strong>, con th\u1ee9 n\u0103m, l\u00e0 linh v\u1eadt c\u00f3 \u0111\u00f4i m\u1eaft to, mi\u1ec7ng r\u1ed9ng, d\u00e1ng v\u1ebb k\u1ef3 l\u1ea1. Thao thi\u1ebft tham \u0103n v\u00f4 \u0111\u1ed9, \u0111\u01b0\u1ee3c \u0111\u00fac tr\u00ean c\u00e1c \u0111\u1ed3 d\u00f9ng trong \u0103n u\u1ed1ng nh\u01b0 ng\u1ee5 \u00fd nh\u1eafc nh\u1edf ng\u01b0\u1eddi \u0103n \u0111\u1eebng h\u00e1o \u0103n m\u00e0 tr\u1edf n\u00ean b\u1ea5t l\u1ecbch s\u1ef1.<\/div>\n<div><\/div>\n<div><strong>C\u00f4ng ph\u00fac<\/strong>, con th\u1ee9 s\u00e1u, l\u00e0 linh v\u1eadt th\u00edch n\u01b0\u1edbc n\u00ean \u0111\u01b0\u1ee3c kh\u1eafc l\u00e0m v\u1eadt trang tr\u00ed \u1edf c\u00e1c c\u00f4ng tr\u00ecnh hay ph\u01b0\u01a1ng ti\u1ec7n giao th\u00f4ng \u0111\u01b0\u1eddng th\u1ee7y nh\u01b0 c\u1ea7u, r\u00e3nh d\u1eabn n\u01b0\u1edbc, \u0111\u1eadp n\u01b0\u1edbc, b\u1ebfn t\u00e0u, thuy\u1ec1n b\u00e8&#8230; v\u1edbi mong mu\u1ed1n c\u00f4ng ph\u00fac lu\u00f4n ti\u1ebfp x\u00fac, cai qu\u1ea3n, tr\u00f4ng coi l\u01b0\u1ee3ng n\u01b0\u1edbc ph\u1ee5c v\u1ee5 mu\u00f4n d\u00e2n.Nhai x\u1ebf, con th\u1ee9 b\u1ea3y, c\u00f3 t\u00ednh kh\u00ed hung h\u0103ng, th\u01b0\u1eddng n\u1ed5i c\u01a1n th\u1ecbnh n\u1ed9 v\u00e0 ham s\u00e1t sinh, th\u01b0\u1eddng \u0111\u01b0\u1ee3c ch\u1ea1m kh\u1eafc tr\u00ean c\u00e1c v\u0169 kh\u00ed nh\u01b0 \u0111ao, b\u00faa, ki\u1ebfm, x\u00e0&#8230; ng\u1ee5 \u00fd th\u1ecb uy, l\u00e0m t\u0103ng th\u00eam s\u1ee9c m\u1ea1nh v\u00e0 l\u00f2ng can \u0111\u1ea3m c\u1ee7a c\u00e1c chi\u1ebfn binh n\u01a1i tr\u1eadn m\u1ea1c.<\/div>\n<div><\/div>\n<div><strong>Toan ngh\u00ea<\/strong>, con th\u1ee9 t\u00e1m, c\u00f3 m\u00ecnh s\u01b0 t\u1eed, \u0111\u1ea7u r\u1ed3ng, th\u00edch s\u1ef1 t\u0129nh l\u1eb7ng v\u00e0 th\u01b0\u1eddng ng\u1ed3i y\u00ean ng\u1eafm c\u1ea3nh kh\u00f3i h\u01b0\u01a1ng t\u1ecfa l\u00ean nghi ng\u00fat. Toan ngh\u00ea \u0111\u01b0\u1ee3c \u0111\u00fac l\u00e0m v\u1eadt trang tr\u00ed tr\u00ean c\u00e1c l\u00f2 \u0111\u1ed1t tr\u1ea7m h\u01b0\u01a1ng, ng\u1ee5 \u00fd mong mu\u1ed1n h\u01b0\u01a1ng th\u01a1m c\u1ee7a tr\u1ea7m h\u01b0\u01a1ng lu\u00f4n t\u1ecfa ng\u00e1t.<\/div>\n<div><\/div>\n<div><strong>Ti\u00eau \u0111\u1ed3<\/strong>, con \u00fat c\u00f3 t\u00ednh kh\u00ed l\u01b0\u1eddi bi\u1ebfng, th\u01b0\u1eddng cu\u1ed9n tr\u00f2n n\u1eb1m ng\u1ee7, kh\u00f4ng th\u00edch c\u00f3 k\u1ebb l\u1ea1 x\u00e2m nh\u1eadp l\u00e3nh \u0111\u1ecba c\u1ee7a m\u00ecnh. Ti\u00eau \u0111\u1ed3 \u0111\u01b0\u1ee3c kh\u1eafc tr\u00ean c\u00e1nh c\u1eeda ra v\u00e0o, \u0111\u00fang v\u00e0o v\u1ecb tr\u00ed tay c\u1ea7m khi m\u1edf, ng\u1ee5 \u00fd r\u0103n \u0111e k\u1ebb l\u1ea1 mu\u1ed1n x\u00e2m nh\u1eadp nh\u1eb1m b\u1ea3o v\u1ec7 s\u1ef1 an to\u00e0n cho ch\u1ee7 nh\u00e0.<\/div>\n<div><\/div>\n<h2>V\u1ecb tr\u00ed \u0111\u1eb7t m\u00e2m \u0111\u1ed3ng c\u1eedu long<\/h2>\n<div>C\u01b0\u0309u Long \u0111\u1eb7t t\u1ea1i t\u00e0i v\u1ecb th\u00ec th\u00fac \u0111\u1ea9y t\u00e0i l\u1ed9c, \u0111\u1eb7t t\u1ea1i v\u1ecb tr\u00ed Tam S\u00e1t th\u00ec t\u00e1c d\u1ee5ng h\u00f3a gi\u1ea3i r\u1ea5t l\u1edbn. V\u1eady Tam S\u00e1t l\u00e0 g\u00ec?<\/div>\n<div><\/div>\n<div>C\u00e2u quy\u1ebft \u0111\u1ea3 n\u00f3i :<\/div>\n<div><\/div>\n<div>D\u1ea7n,Ng\u1ecd,Tu\u1ea5t: S\u00e1t B\u1eafc. \u00a0Th\u00e2n,T\u00fd,Th\u00ecn : S\u00e1t Nam.<\/div>\n<div><\/div>\n<div>H\u1ee3i,M\u1eb9o,M\u00f9i : S\u00e1t T\u00e2y. \u00a0 T\u1ef5,D\u1eadu,S\u1eedu : S\u00e1t \u0110\u00f4ng.<\/div>\n<div><\/div>\n<div>D\u1ea7n,Ng\u1ecd,Tu\u1ea5t h\u1ee3p H\u1ecfa c\u1ee5c, h\u00f2a v\u01b0\u1ee3ng \u1edf ph\u01b0\u01a1ng Nam,ph\u01b0\u01a1ng B\u1eafc (H\u1ee3i,T\u00fd,S\u1eedu) v\u00e0 s\u1ef1 xung c\u1ee7a n\u00f3 l\u00e0 tam s\u00e1t.(H\u1ee3i l\u00e0 ki\u1ebfp s\u00e1t,T\u00fd l\u00e0 tai s\u00e1t,S\u1eedu l\u00e0 tu\u1ebf s\u00e1t,Tu\u1ebf s\u00e1t c\u0169ng g\u1ecdi l\u00e0 m\u1ed9 kh\u1ed1 s\u00e1t).<\/div>\n<div><\/div>\n<div>Th\u00e2n,T\u00fd,Th\u00ecn h\u1ee3p Th\u1ee7y c\u1ee5c,th\u1ee7y v\u01b0\u1ee3ng \u1edf ph\u01b0\u01a1ng B\u1eafc,ph\u01b0\u01a1ng Nam (T\u1ef5,Ng\u1ecd,M\u00f9i) v\u00e0 s\u1ef1 xung c\u1ee7a n\u00f3 l\u00e0 tam s\u00e1t.(T\u1ef5 l\u00e0 ki\u1ebfp s\u00e1t,Ng\u1ecd l\u00e0 tai s\u00e1t,M\u00f9i l\u00e0 tu\u1ebf s\u00e1t).<\/div>\n<div><\/div>\n<div>H\u1ee3i,M\u1eb9o,M\u00f9i h\u1ee3p M\u1ed9c c\u1ee5c,m\u1ed9c v\u01b0\u1ee3ng \u1edf ph\u01b0\u01a1ng \u0110\u00f4ng,ph\u01b0\u01a1ng T\u00e2y (Th\u00e2n,D\u1eadu,Tu\u1ea5t) v\u00e0 s\u1ef1 xung c\u1ee7a n\u00f3 l\u00e0 tam s\u00e1t.(Th\u00e2n l\u00e0 ki\u1ebfp s\u00e1t,D\u1eadu l\u00e0 tai s\u00e1t,Tu\u1ea5t l\u00e0 tu\u1ebf s\u00e1t).<\/div>\n<div><\/div>\n<div>T\u1ef5,D\u1eadu,S\u1eedu h\u1ee3p Kim c\u1ee5c, kim v\u01b0\u1ee3ng \u1edf ph\u01b0\u01a1ng T\u00e2y,ph\u01b0\u01a1ng \u0110\u00f4ng (D\u1ea7n,M\u1eb9o,Th\u00ecn) v\u00e0 s\u1ef1 xung c\u1ee7a n\u00f3 l\u00e0 tam s\u00e1t.(D\u1ea7n l\u00e0 ki\u1ebfp s\u00e1t,M\u1ea3o l\u00e0 tai s\u00e1t,Th\u00ecn l\u00e0 tu\u1ebf s\u00e1t).<\/div>\n<div>L\u1ea5y n\u0103m m\u00e0 n\u00f3i,nh\u01b0 n\u0103m D\u1ea7n,Ng\u1ecd,Tu\u1ea5t,B\u1eafc ph\u01b0\u01a1ng \u0111\u1ec1u n\u00f3i l\u00e0 n\u0103m tam s\u00e1t.N\u0103m tam s\u00e1t \u1edf h\u01b0\u1edbng,kh\u00f4ng th\u1ec3 t\u1ecda.T\u1ecda tam s\u00e1t t\u1ee9c t\u1ecda s\u00e1t, \u0111\u1ea1i k\u1ef5:N\u0103m,th\u00e1ng,ng\u00e0y,gi\u1edd D\u1ea7n,Ng\u1ecd,Tu\u1ea5t, \u0111\u1ec1u k\u1ef5 tu t\u1ea1o \u1edf B\u1eafc ph\u01b0\u01a1ng.C\u00e1c ph\u01b0\u01a1ng kh\u00e1c c\u1ee9 th\u1ebf m\u00e0 suy ra.<\/div>\n<div><\/div>\n<h2>\u00dd ngh\u0129a m\u00e2m \u0111\u1ed3ng c\u1eedu long<\/h2>\n<p>C\u1eedu long qu\u1ea7n t\u1ee5\u00a0l\u00e0 m\u1ed9t b\u1ee9c tranh mang \u00fd ngh\u0129a phong th\u1ee7y c\u00f2n t\u1ea1o cho c\u0103n ph\u00f2ng c\u1ee7a b\u1ea1n th\u00eam sang tr\u1ecdng \u0111\u1eb3ng c\u1ea5p, bi\u1ec3u t\u01b0\u1ee3ng r\u1ed3ng \u0111\u1ea1i di\u1ec7n cho quy\u1ec1n l\u1ef1c,c\u00f4ng danh,uy quy\u1ec1n trong gia \u0111\u00ecnh,v\u0103n ph\u00f2ng.<\/p>\n<p><img decoding=\"async\" loading=\"lazy\" class=\"alignnone wp-image-3341\" src=\"http:\/\/mau3.maudep.com.vn\/dodong\/wp-content\/uploads\/2019\/08\/r\u1ed3ng-3-300x134.jpg\" alt=\"r\u1ed3ng 3\" width=\"1388\" height=\"620\" srcset=\"https:\/\/dodong.mauthemewp.com\/wp-content\/uploads\/2019\/08\/r\u1ed3ng-3-300x134.jpg 300w, https:\/\/dodong.mauthemewp.com\/wp-content\/uploads\/2019\/08\/r\u1ed3ng-3-768x343.jpg 768w, https:\/\/dodong.mauthemewp.com\/wp-content\/uploads\/2019\/08\/r\u1ed3ng-3-1024x458.jpg 1024w, https:\/\/dodong.mauthemewp.com\/wp-content\/uploads\/2019\/08\/r\u1ed3ng-3-180x80.jpg 180w, https:\/\/dodong.mauthemewp.com\/wp-content\/uploads\/2019\/08\/r\u1ed3ng-3-600x268.jpg 600w, https:\/\/dodong.mauthemewp.com\/wp-content\/uploads\/2019\/08\/r\u1ed3ng-3.jpg 1900w\" sizes=\"(max-width: 1388px) 100vw, 1388px\" \/><\/p>\n","protected":false},"excerpt":{"rendered":"<ul>\n<li>Uy t\u00edn \u2013 Ch\u1ea5t l\u01b0\u1ee3ng<\/li>\n<li>Si\u00eau b\u1ec1n si\u00eau \u0111\u1eb9p theo th\u1eddi gian<\/li>\n<li>Nguy\u00ean li\u1ec7u \u0111\u1ed3ng cao c\u1ea5p<\/li>\n<li>Ch\u1ea1m kh\u1eafc th\u1ee7 c\u00f4ng \u2013 tinh x\u1ea3o<\/li>\n<li>Lu\u00f4n c\u00f3 \u01b0u \u0111\u00e3i cho kh\u00e1ch h\u00e0ng<\/li>\n<li>T\u01b0 v\u1ea5n 24\/7<\/li>\n<li>Free ship to\u00e0n qu\u1ed1c<\/li>\n<\/ul>\n","protected":false},"featured_media":3327,"comment_status":"open","ping_status":"closed","template":"","meta":[],"_links":{"self":[{"href":"https:\/\/dodong.mauthemewp.com\/index.php?rest_route=\/wp\/v2\/product\/3326"}],"collection":[{"href":"https:\/\/dodong.mauthemewp.com\/index.php?rest_route=\/wp\/v2\/product"}],"about":[{"href":"https:\/\/dodong.mauthemewp.com\/index.php?rest_route=\/wp\/v2\/types\/product"}],"replies":[{"embeddable":true,"href":"https:\/\/dodong.mauthemewp.com\/index.php?rest_route=%2Fwp%2Fv2%2Fcomments&post=3326"}],"wp:featuredmedia":[{"embeddable":true,"href":"https:\/\/dodong.mauthemewp.com\/index.php?rest_route=\/wp\/v2\/media\/3327"}],"wp:attachment":[{"href":"https:\/\/dodong.mauthemewp.com\/index.php?rest_route=%2Fwp%2Fv2%2Fmedia&parent=3326"}],"curies":[{"name":"wp","href":"https:\/\/api.w.org\/{rel}","templated":true}]}}