{"id":3150,"date":"2019-06-28T15:04:22","date_gmt":"2019-06-28T08:04:22","guid":{"rendered":"http:\/\/mau3.maudep.com.vn\/dodong\/?post_type=product&#038;p=3150"},"modified":"2019-08-20T15:12:50","modified_gmt":"2019-08-20T08:12:50","slug":"mam-dong-anh-hung-tuong-ngo","status":"publish","type":"product","link":"https:\/\/dodong.mauthemewp.com\/?product=mam-dong-anh-hung-tuong-ngo","title":{"rendered":"M\u00e2m \u0111\u1ed3ng &#8211; Anh h\u00f9ng t\u01b0\u01a1ng ng\u1ed9"},"content":{"rendered":"<h2>Anh h\u00f9ng t\u01b0\u01a1ng ng\u1ed9<\/h2>\n<p>L\u00e0 \u00fd ngh\u0129a c\u1ee7a s\u1ef1 uy nghi s\u1ee9c m\u1ea1nh c\u1ee7a hai con v\u1eadt cao qu\u00fd\u00a0linh thi\u00eang \u0111\u00f3 ch\u00ednh l\u00e0\u00a0<strong>\u0110\u1ea1i B\u00e0ng v\u00e0 H\u1ed5<\/strong>. Ngay khi nh\u00ecn v\u00e0o h\u00ecnh \u1ea3nh th\u1ec3 hi\u1ec7n trong &#8220;<em>m\u00e2m \u0111\u1ed3ng anh h\u00f9ng t\u01b0\u01a1ng ng\u1ed9&#8221;<\/em>\u00a0 c\u00f3 th\u1ec3 c\u1ea3m nh\u1eadn th\u1ea5y \u0111\u01b0\u1ee3c s\u1ee9c m\u1ea1nh v\u00e0 s\u1ef1 quy\u1ec1n uy v\u1eefng ch\u00e3i.<\/p>\n<h2>H\u1ed5<\/h2>\n<p><img decoding=\"async\" loading=\"lazy\" class=\"alignnone wp-image-3336 aligncenter\" src=\"http:\/\/mau3.maudep.com.vn\/dodong\/wp-content\/uploads\/2019\/06\/h\u1ed5-300x187.jpg\" alt=\"h\u1ed5\" width=\"607\" height=\"378\" srcset=\"https:\/\/dodong.mauthemewp.com\/wp-content\/uploads\/2019\/06\/h\u1ed5-300x187.jpg 300w, https:\/\/dodong.mauthemewp.com\/wp-content\/uploads\/2019\/06\/h\u1ed5-180x112.jpg 180w, https:\/\/dodong.mauthemewp.com\/wp-content\/uploads\/2019\/06\/h\u1ed5-600x375.jpg 600w, https:\/\/dodong.mauthemewp.com\/wp-content\/uploads\/2019\/06\/h\u1ed5.jpg 660w\" sizes=\"(max-width: 607px) 100vw, 607px\" \/><\/p>\n<p style=\"text-align: left;\">T\u1eeb x\u01b0a \u0111\u1ebfn nay, ch\u00faa t\u1ec3 c\u1ee7a mu\u00f4n lo\u00e0i ch\u00ednh l\u00e0 H\u1ed5, \u0111\u00e2y l\u00e0 con<span class=\"text_exposed_show\">\u00a0v\u1eadt l\u00e0m b\u00e1 ch\u1ee7 d\u01b0\u1edbi m\u1eb7t \u0111\u1ea5t v\u1edbi \u0111\u1ea7y \u0111\u1ee7 s\u1ef1 d\u0169ng m\u00e3nh, quy\u1ec1n uy, nhanh nh\u1eb9n, kh\u00ed th\u1ebf hung h\u00e3n. Ti\u1ebfng g\u1ea7m l\u00e0m rung chuy\u1ec3n n\u00fai r\u1eebng, l\u00e0m cho mu\u00f4n v\u1eadt s\u1ed1ng tr\u00ean m\u1eb7t \u0111\u1ea5t ph\u1ea3i khi\u1ebfp s\u1ee3. Ch\u00ednh nh\u1edd b\u1ea3n n\u0103ng v\u1ed1n c\u00f3 c\u1ee7a n\u00f3 m\u00e0 s\u1ee9c m\u1ea1nh \u0111\u00f3 \u0111\u00e3 gi\u00fap cho H\u1ed5 l\u00e0 con v\u1eadt linh thi\u00eang. V\u1edbi phong th\u1ee7y, H\u1ed5 ch\u00ednh l\u00e0 h\u00ecnh t\u01b0\u1ee3ng \u0111\u1ec3 tr\u1ea5n y\u1ec3m, tr\u1ea5n \u00e1t t\u00e0 kh\u00ed. Khi treo &#8220;<em>m\u00e2m \u0111\u1ed3ng anh h\u00f9ng t\u01b0\u01a1ng ng\u1ed9&#8221;<\/em>\u00a0\u00a0s\u1ebd gi\u00fap tr\u1ea5n gi\u1eef c\u1eeda, ng\u0103n kh\u00f4ng cho t\u00e0 ma th\u00e2m nh\u1eadp. Ngo\u00e0i \u0111\u1eddi th\u1ef1c kh\u00f3 c\u00f3 con v\u1eadt n\u00e0o c\u00f3 gi\u00e1 tr\u1ecb phong th\u1ee7y v\u01b0\u1ee3t qua \u0111\u01b0\u1ee3c, \u0111\u01b0\u1ee3c coi l\u00e0 m\u1ed9t v\u1eadt kh\u00ed \u0111em l\u1ea1i t\u00e0i l\u1ed9c, c\u00f4ng danh, quy\u1ec1n l\u1ef1c cho gia ch\u1ee7.<\/span><\/p>\n<h2>\u0110\u1ea1i b\u00e0ng<\/h2>\n<p style=\"text-align: center;\"><span class=\"text_exposed_show\"><img decoding=\"async\" loading=\"lazy\" class=\"alignnone wp-image-3337\" src=\"http:\/\/mau3.maudep.com.vn\/dodong\/wp-content\/uploads\/2019\/06\/\u0111\u1ea1i-b\u00e0ng-300x204.jpg\" alt=\"\u0111\u1ea1i b\u00e0ng\" width=\"608\" height=\"414\" srcset=\"https:\/\/dodong.mauthemewp.com\/wp-content\/uploads\/2019\/06\/\u0111\u1ea1i-b\u00e0ng-300x204.jpg 300w, https:\/\/dodong.mauthemewp.com\/wp-content\/uploads\/2019\/06\/\u0111\u1ea1i-b\u00e0ng.jpg 1024w, https:\/\/dodong.mauthemewp.com\/wp-content\/uploads\/2019\/06\/\u0111\u1ea1i-b\u00e0ng-180x122.jpg 180w\" sizes=\"(max-width: 608px) 100vw, 608px\" \/><br \/>\n<\/span><\/p>\n<p style=\"text-align: center;\"><span class=\"text_exposed_show\"><em>\u201cNg\u01b0\u1eddi c\u00f3 b\u1ed1n c\u1eb3ng b\u0103ng \u0111\u1ed3i n\u00fai<\/em><br \/>\n<em>Ta giang hai c\u00e1nh t\u00edt tr\u1eddi m\u00e2y\u201d<\/em><\/span><\/p>\n<p><span class=\"text_exposed_show\"><br \/>\nN\u1ebfu \u0111\u1ec3 n\u00f3i v\u1ec1 con v\u1eadt t\u01b0\u1ee3ng tr\u01b0ng cho s\u1ee9c m\u1ea1nh c\u1ee7a b\u1ea7u tr\u1eddi, kh\u00f4ng g\u00ec kh\u00e1c ngo\u00e0i\u00a0<strong>\u0110\u1ea1i B\u00e0ng<\/strong>. V\u1edbi \u0111\u00f4i m\u1eaft tinh anh c\u00f3 kh\u1ea3 n\u0103ng quan s\u00e1t r\u1ea5t xa v\u00e0 nh\u1eafm ch\u00ednh x\u00e1c m\u1ee5c ti\u00eau c\u00f9ng v\u1edbi \u0111\u00f4i c\u00e1nh to kh\u1ecfe, nh\u1eefng m\u00f3ng vu\u1ed1t c\u1ef1c k\u1ef3 s\u1eafc nh\u1ecdn trao l\u01b0\u1ee3n tr\u00ean kh\u00f4ng trung khi\u1ebfn cho b\u1ea5t c\u1ee9 con v\u1eadt n\u00e0o nh\u00ecn th\u1ea5y c\u0169ng khi\u1ebfp s\u1ee3. C\u0169ng gi\u1ed1ng nh\u01b0 H\u1ed5, trong phong th\u1ee7y \u0110\u1ea1i B\u00e0ng \u0111em l\u1ea1i v\u1eadn may cho gia ch\u1ee7, \u0111\u1ed3ng th\u1eddi t\u1ea1o \u0111\u01b0\u1ee3c th\u1ebf v\u1eefng ch\u1eafc c\u1ee7a b\u1ea3n th\u00e2n.<br \/>\nB\u1ee9c tranh phong th\u1ee7y n\u00e0y l\u00e0 s\u1ef1 k\u1ebft h\u1ee3p gi\u1eefa hai h\u00ecnh t\u01b0\u1ee3ng d\u0169ng m\u00e3nh c\u1ee7a Tr\u1eddi v\u00e0 \u0110\u1ea5t.\u00a0<strong>\u0110\u1ea1i b\u00e0ng nh\u00ecn xu\u1ed1ng, H\u1ed5 nh\u00ecn l\u00ean<\/strong>, kh\u00f4ng ai x\u00e2m ph\u1ea1m l\u00e3nh th\u1ed5 c\u1ee7a ai kh\u1eb3ng \u0111\u1ecbnh \u0111\u01b0\u1ee3c s\u1ee9c m\u1ea1nh, quy\u1ec1n uy v\u00e0 s\u1ef1 v\u1eefng ch\u00e3i.<br \/>\n&#8220;<em>m\u00e2m \u0111\u1ed3ng anh h\u00f9ng t\u01b0\u01a1ng ng\u1ed9&#8221;<\/em>\u00a0l\u00e0 m\u1ed9t s\u1ea3n ph\u1ea9m m\u1ef9 ngh\u1ec7\u00a0phong th\u1ee7y \u0111em l\u1ea1i cho ch\u1ee7 nh\u00e2n ngu\u1ed3n sinh kh\u00ed t\u1ed1t, t\u00e0i l\u1ed9c, may m\u1eafn, gi\u00fap cho c\u00f4ng vi\u1ec7c ng\u00e0y c\u00e0ng th\u0103ng ti\u1ebfn, th\u00e0nh \u0111\u1ea1t trong kinh doanh. B\u00ean c\u1ea1nh \u0111\u00f3 c\u0169ng l\u00e0 b\u1ea3o v\u1ec7 cho s\u1ee9c kh\u1ecfe c\u1ee7a gia ch\u1ee7, tr\u1ea5n \u00e1t t\u00e0 kh\u00ed, th\u1ec3 hi\u1ec7n quy\u1ec1n uy v\u00e0 s\u1ee9c m\u1ea1nh.<\/span><\/p>\n<h2>H\u01b0\u1edbng d\u1eabn c\u00e1c v\u1ecb tr\u00ed \u0111\u1ec3 m\u00e2m \u0111\u1ed3ng anh h\u00f9ng t\u01b0\u01a1ng ng\u1ed9<\/h2>\n<p>Khi \u0111\u1eb7t ho\u1eb7c treo\u00a0<span class=\"text_exposed_show\">&#8220;<em>m\u00e2m \u0111\u1ed3ng anh h\u00f9ng t\u01b0\u01a1ng ng\u1ed9&#8221;<\/em>\u00a0<\/span> c\u1ea7n ph\u1ea3i treo l\u00e0m sao cho \u0111\u1ea7u chim \u0110\u1ea1i B\u00e0ng h\u01b0\u1edbng ra ph\u00eda ngo\u00e0i. Tuy\u1ec7t \u0111\u1ed1i kh\u00f4ng \u0111\u01b0\u1ee3c \u0111\u1ec3 cho \u0111\u1ea7u chim \u0110\u1ea1i B\u00e0ng h\u01b0\u1edbng v\u00e0o trong s\u1ebd khi\u1ebfn cho gia ch\u1ee7 g\u1eb7p xui x\u1ebbo. B\u1ee9c tranh ph\u00f9 h\u1ee3p v\u1edbi kh\u00f4ng gian ph\u00f2ng kh\u00e1ch v\u00e0 ph\u00f2ng l\u00e0m vi\u1ec7c.<\/p>\n<p>\u0110\u1ed1i v\u1edbi nh\u1eefng ng\u01b0\u1eddi kinh doanh, c\u00f3 ch\u1ee9c t\u01b0\u1edbc n\u00ean treo <span class=\"text_exposed_show\">&#8220;<em>m\u00e2m \u0111\u1ed3ng anh h\u00f9ng t\u01b0\u01a1ng ng\u1ed9&#8221;<\/em>\u00a0<\/span> ra ph\u00eda sau l\u01b0ng \u0111\u1ec3 th\u00fac \u0111\u1ea9y s\u1ef1 nghi\u1ec7p m\u1ed9t c\u00e1ch m\u1ea1nh m\u1ebd, c\u1ee7ng c\u1ed1 \u0111\u1ecba v\u1ecb.<\/p>\n","protected":false},"excerpt":{"rendered":"<ul>\n<li>Uy t\u00edn \u2013 Ch\u1ea5t l\u01b0\u1ee3ng<\/li>\n<li>Si\u00eau b\u1ec1n si\u00eau \u0111\u1eb9p theo th\u1eddi gian<\/li>\n<li>Nguy\u00ean li\u1ec7u \u0111\u1ed3ng cao c\u1ea5p<\/li>\n<li>Ch\u1ea1m kh\u1eafc th\u1ee7 c\u00f4ng \u2013 tinh x\u1ea3o<\/li>\n<li>Ki\u0301ch th\u01b0\u01a1\u0301c : R\u00f4\u0323ng 52cm . N\u0103\u0323ng 1,2kg<\/li>\n<li>Lu\u00f4n c\u00f3 \u01b0u \u0111\u00e3i cho kh\u00e1ch h\u00e0ng<\/li>\n<li>T\u01b0 v\u1ea5n 24\/7<\/li>\n<li>Free ship to\u00e0n qu\u1ed1c<\/li>\n<\/ul>\n","protected":false},"featured_media":3320,"comment_status":"open","ping_status":"closed","template":"","meta":[],"_links":{"self":[{"href":"https:\/\/dodong.mauthemewp.com\/index.php?rest_route=\/wp\/v2\/product\/3150"}],"collection":[{"href":"https:\/\/dodong.mauthemewp.com\/index.php?rest_route=\/wp\/v2\/product"}],"about":[{"href":"https:\/\/dodong.mauthemewp.com\/index.php?rest_route=\/wp\/v2\/types\/product"}],"replies":[{"embeddable":true,"href":"https:\/\/dodong.mauthemewp.com\/index.php?rest_route=%2Fwp%2Fv2%2Fcomments&post=3150"}],"wp:featuredmedia":[{"embeddable":true,"href":"https:\/\/dodong.mauthemewp.com\/index.php?rest_route=\/wp\/v2\/media\/3320"}],"wp:attachment":[{"href":"https:\/\/dodong.mauthemewp.com\/index.php?rest_route=%2Fwp%2Fv2%2Fmedia&parent=3150"}],"curies":[{"name":"wp","href":"https:\/\/api.w.org\/{rel}","templated":true}]}}