{"id":3133,"date":"2019-06-28T10:39:49","date_gmt":"2019-06-28T03:39:49","guid":{"rendered":"http:\/\/mau3.maudep.com.vn\/dodong\/?post_type=product&#038;p=3133"},"modified":"2019-08-20T15:05:34","modified_gmt":"2019-08-20T08:05:34","slug":"3133","status":"publish","type":"product","link":"https:\/\/dodong.mauthemewp.com\/?product=3133","title":{"rendered":"M\u00e2m \u0110\u1ed3ng &#8211; T\u00f9ng H\u1ea1c Di\u00ean Ni\u00ean"},"content":{"rendered":"","protected":false},"excerpt":{"rendered":"<ul>\n<li>Uy t\u00edn \u2013 Ch\u1ea5t l\u01b0\u1ee3ng<\/li>\n<li>Si\u00eau b\u1ec1n si\u00eau \u0111\u1eb9p theo th\u1eddi gian<\/li>\n<li>Nguy\u00ean li\u1ec7u \u0111\u1ed3ng cao c\u1ea5p<\/li>\n<li>Ch\u1ea1m kh\u1eafc th\u1ee7 c\u00f4ng \u2013 tinh x\u1ea3o<\/li>\n<li>Lu\u00f4n c\u00f3 \u01b0u \u0111\u00e3i cho kh\u00e1ch h\u00e0ng<\/li>\n<li>T\u01b0 v\u1ea5n 24\/7<\/li>\n<li>Free ship to\u00e0n qu\u1ed1c<\/li>\n<\/ul>\n","protected":false},"featured_media":3239,"comment_status":"open","ping_status":"closed","template":"","meta":[],"_links":{"self":[{"href":"https:\/\/dodong.mauthemewp.com\/index.php?rest_route=\/wp\/v2\/product\/3133"}],"collection":[{"href":"https:\/\/dodong.mauthemewp.com\/index.php?rest_route=\/wp\/v2\/product"}],"about":[{"href":"https:\/\/dodong.mauthemewp.com\/index.php?rest_route=\/wp\/v2\/types\/product"}],"replies":[{"embeddable":true,"href":"https:\/\/dodong.mauthemewp.com\/index.php?rest_route=%2Fwp%2Fv2%2Fcomments&post=3133"}],"wp:featuredmedia":[{"embeddable":true,"href":"https:\/\/dodong.mauthemewp.com\/index.php?rest_route=\/wp\/v2\/media\/3239"}],"wp:attachment":[{"href":"https:\/\/dodong.mauthemewp.com\/index.php?rest_route=%2Fwp%2Fv2%2Fmedia&parent=3133"}],"curies":[{"name":"wp","href":"https:\/\/api.w.org\/{rel}","templated":true}]}}