{"id":3122,"date":"2019-06-28T10:21:21","date_gmt":"2019-06-28T03:21:21","guid":{"rendered":"http:\/\/mau3.maudep.com.vn\/dodong\/?post_type=product&#038;p=3122"},"modified":"2019-08-20T15:01:20","modified_gmt":"2019-08-20T08:01:20","slug":"mam-dong-ly-ngu-vong-nguyet","status":"publish","type":"product","link":"https:\/\/dodong.mauthemewp.com\/?product=mam-dong-ly-ngu-vong-nguyet","title":{"rendered":"M\u00e2m \u0111\u1ed3ng &#8211; L\u00fd ng\u01b0 v\u1ecdng nguy\u1ec7t"},"content":{"rendered":"<div style=\"width: 100%; height: 0; padding-bottom: 100%; position: relative;\"><iframe loading=\"lazy\" class=\"giphy-embed\" style=\"position: absolute;\" src=\"https:\/\/giphy.com\/embed\/3rSNYDFZglrNrJSulE\" width=\"100%\" height=\"100%\" frameborder=\"0\" allowfullscreen=\"allowfullscreen\"><\/iframe><\/div>\n<p><a href=\"https:\/\/giphy.com\/gifs\/fall-autumn-koi-3rSNYDFZglrNrJSulE\">via GIPHY<\/a><\/p>\n<h2>M\u00e2m \u0111\u00f4\u0300ng<\/h2>\n<p>-L\u00fd ng\u01b0 v\u1ecdng nguy\u1ec7t hay c\u00f2n \u0111\u01b0\u1ee3c g\u1ecdi l\u00e0 c\u00e1 ch\u00e9p ng\u1eafm tr\u0103ng<\/p>\n<p>-\u0110\u01b0\u1ee3c gia c\u00f4ng ch\u1ea1m kh\u1eafc tinh x\u1ea3o b\u1edfi c\u00e1c ngh\u1ec7 nh\u00e2n l\u00e0ng ngh\u1ec1 \u0110\u1ed3ng X\u00e2m. Ch\u1ea5t li\u1ec7u \u0111\u1ed3ng v\u00e0ng t\u1ed1t nh\u1ea5t<\/p>\n<h2>Y\u0301 nghi\u0303a<\/h2>\n<p>-\u00c1nh tr\u0103ng tr\u00f2n tr\u1ecba t\u01b0\u1ee3ng tr\u01b0ng cho s\u1ef1 ho\u00e0n h\u1ea3o. C\u00e1 ch\u00e9p nh\u00ecn tr\u0103ng tr\u00f2n c\u00f3 nhi\u1ec1u c\u00e1ch l\u00fd gi\u1ea3i kh\u00e1c nhau. C\u00f3 ng\u01b0\u1eddi cho r\u1eb1ng: \u00c1nh tr\u0103ng d\u01b0\u1edbi \u0111\u00e1y h\u1ed3 t\u01b0\u1ee3ng tr\u01b0ng cho s\u1ef1 ho\u00e0n h\u1ea3o m\u00e0 con ng\u01b0\u1eddi kh\u00f4ng bao gi\u1edd \u0111\u1ea1t \u0111\u01b0\u1ee3c. S\u1ef1 ho\u00e0n h\u1ea3o gi\u1ed1ng nh\u01b0 \u00e1nh tr\u0103ng, th\u1ea5y \u0111\u01b0\u1ee3c nh\u01b0ng kh\u00f4ng ch\u1ea1m v\u00e0o \u0111\u01b0\u1ee3c. Ch\u00ednh v\u00ec v\u1eady, h\u00e3y c\u1ee9 s\u1ed1ng hoan h\u1ef7 v\u00e0 \u0111\u1eebng c\u1ea7u to\u00e0n, c\u1ea7u ho\u00e0n h\u1ea3o. C\u00f3 ng\u01b0\u1eddi l\u1ea1i cho r\u1eb1ng: \u00c1nh tr\u0103ng l\u00e0 s\u1ef1 ho\u00e0n h\u1ea3o, vi\u00ean m\u00e3n m\u00e0 con ng\u01b0\u1eddi h\u01b0\u1edbng t\u1edbi v\u00e0 n\u1ed7 l\u1ef1c \u0111\u1ec3 d\u00e0nh l\u1ea5y.<\/p>\n<h2>Vi\u0323 tri\u0301 treo<\/h2>\n<p>-Vi\u1ec7c s\u1eafp x\u1ebfp c\u00e1c \u0111\u1ed3 v\u1eadt phong th\u1ee7y kh\u00e1 quan tr\u1ecdng. Ph\u1ea3i l\u00e0m sao \u0111\u1ec3 c\u00e1c \u0111\u1ed3 v\u1eadt n\u00e0y kh\u00f4ng t\u01b0\u01a1ng kh\u1eafc l\u1eabn nhau d\u1eabn \u0111\u1ebfn vi\u1ec7c gi\u1ea3m t\u00e1c d\u1ee5ng phong th\u1ee7y. Sau \u0111\u00e2y l\u00e0 2 v\u1ecb tr\u00ed quan tr\u1ecdng nh\u1ea5t.<strong>\u00a0<\/strong>Kh\u00f4ng n\u00ean treo\u00a0 trong ph\u00f2ng b\u1ebfp ho\u1eb7c g\u1ea7n c\u00e1c \u0111\u1ed3 v\u1eadt thu\u1ed9c h\u00e0nh h\u1ecfa:\u00a0M\u00e2m &#8221; L\u00fd ng\u01b0 v\u1ecdng nguy\u1ec7t&#8221; l\u00e0 c\u1ea3nh t\u01b0\u1ee3ng d\u01b0\u1edbi n\u01b0\u1edbc, mang h\u00e0nh thu\u1ef7 nh\u01b0ng\u00a0 c\u00f3 t\u00ednh kim.\u00a0Do \u0111\u00f3, khi \u0111\u1ec3 g\u1ea7n c\u00e1c \u0111\u1ed3 v\u1eadt phong thu\u1ef7 mang h\u00e0nh ho\u1ea3 s\u1ebd l\u00e0m \u1ea3nh h\u01b0\u1edfng c\u1ef1c x\u1ea5u v\u1ec1 phong thu\u1ef7. Theo lu\u1eadt ng\u0169 h\u00e0nh t\u01b0\u01a1ng sinh t\u01b0\u01a1ng kh\u1eafc Kim sinh Th\u1ee7y. N\u00ean treo tranh t\u1ea1i nh\u1eefng v\u1ecb tr\u00ed thu\u1eadn l\u1ee3i nh\u01b0: T\u1ea1i ph\u00f2ng kh\u00e1ch (g\u1ea7n l\u1ee5c b\u00ecnh), g\u1ea7n h\u1ed3 c\u00e1, g\u1ea7n h\u00f2n non b\u1ed9&#8230;T\u00ednh thu\u1ef7 t\u01b0\u01a1ng sinh v\u1edbi nhau. T\u1ea1i ph\u00f2ng l\u00e0m vi\u1ec7c, t\u1ea1i th\u01b0 ph\u00f2ng, ph\u00f2ng th\u1edd gia ti\u00ean&#8230;T\u00f9y theo tu\u1ed5i c\u1ee7a gia ch\u1ee7 m\u00e0 c\u00f3 th\u1ec3 s\u1eafp x\u1ebfp v\u1ecb tr\u00ed treo tranh sao cho ph\u00f9 h\u1ee3p nh\u1ea5t, t\u1ed1t nh\u1ea5t c\u00f3 th\u1ec3 tham kh\u1ea3o \u00fd ki\u1ebfn c\u1ee7a c\u00e1c chuy\u00ean gia phong th\u1ee7y \u0111\u1ec3 c\u00f3 th\u1ec3 treo tranh ph\u00e1t huy t\u00e1c d\u1ee5ng phong th\u1ee7y t\u1ed1t nh\u1ea5t.<\/p>\n<h2>Ki\u0301ch th\u01b0\u01a1\u0301c<\/h2>\n<p>-R\u1ed9ng 52cm D\u00e0y 6zem<\/p>\n","protected":false},"excerpt":{"rendered":"<ul>\n<li>Uy t\u00edn \u2013 Ch\u1ea5t l\u01b0\u1ee3ng<\/li>\n<li>Si\u00eau b\u1ec1n si\u00eau \u0111\u1eb9p theo th\u1eddi gian<\/li>\n<li>Nguy\u00ean li\u1ec7u \u0111\u1ed3ng cao c\u1ea5p<\/li>\n<li>Ch\u1ea1m kh\u1eafc th\u1ee7 c\u00f4ng \u2013 tinh x\u1ea3o<\/li>\n<li>Lu\u00f4n c\u00f3 \u01b0u \u0111\u00e3i cho kh\u00e1ch h\u00e0ng<\/li>\n<li>T\u01b0 v\u1ea5n 24\/7<\/li>\n<li>Free ship to\u00e0n qu\u1ed1c<\/li>\n<\/ul>\n","protected":false},"featured_media":3324,"comment_status":"open","ping_status":"closed","template":"","meta":[],"_links":{"self":[{"href":"https:\/\/dodong.mauthemewp.com\/index.php?rest_route=\/wp\/v2\/product\/3122"}],"collection":[{"href":"https:\/\/dodong.mauthemewp.com\/index.php?rest_route=\/wp\/v2\/product"}],"about":[{"href":"https:\/\/dodong.mauthemewp.com\/index.php?rest_route=\/wp\/v2\/types\/product"}],"replies":[{"embeddable":true,"href":"https:\/\/dodong.mauthemewp.com\/index.php?rest_route=%2Fwp%2Fv2%2Fcomments&post=3122"}],"wp:featuredmedia":[{"embeddable":true,"href":"https:\/\/dodong.mauthemewp.com\/index.php?rest_route=\/wp\/v2\/media\/3324"}],"wp:attachment":[{"href":"https:\/\/dodong.mauthemewp.com\/index.php?rest_route=%2Fwp%2Fv2%2Fmedia&parent=3122"}],"curies":[{"name":"wp","href":"https:\/\/api.w.org\/{rel}","templated":true}]}}