{"id":3073,"date":"2019-06-21T12:11:41","date_gmt":"2019-06-21T05:11:41","guid":{"rendered":"http:\/\/mau3.maudep.com.vn\/dodong\/?post_type=product&#038;p=3073"},"modified":"2019-08-20T15:02:34","modified_gmt":"2019-08-20T08:02:34","slug":"tranh-dong-gia-co-2m-x-3m-10","status":"publish","type":"product","link":"https:\/\/dodong.mauthemewp.com\/?product=tranh-dong-gia-co-2m-x-3m-10","title":{"rendered":"M\u00e2m \u0111\u1ed3ng t\u1ee9 linh &#8211; Ch\u1eef T\u00e2m"},"content":{"rendered":"<ul>\n<li><strong>M\u00e2m \u0111\u1ed3ng t\u1ee9 linh <\/strong>\u0111\u01b0\u1ee3c ch\u1ea1m kh\u1eafc tinh x\u1ea3o v\u1edbi b\u1ed1n con v\u1eadt linh thi\u00eang \u1edf trung t\u00e2m. T\u1ee9 linh ngh\u0129a l\u00e0 c\u00f3 4 lo\u00e0i linh v\u1eadt ,ch\u00fang c\u00f3 m\u1eb7t trong v\u0103n h\u00f3a c\u1ee7a nhi\u1ec1u n\u01b0\u1edbc ph\u01b0\u01a1ng \u0110\u00f4ng trong \u0111\u00f3 c\u00f3 c\u1ea3 Vi\u1ec7t Nam.\u00a0Th\u1ef1c t\u1ebf, t\u1ee9 linh g\u1ed3m Long, L\u00e2n, Quy, Ph\u1ee5ng \u0111\u01b0\u1ee3c d\u00e2n gian b\u1eaft ngu\u1ed3n t\u1eeb b\u1ed1n linh th\u1ea7n:Thanh Long, B\u1ea1ch H\u1ed5, Huy\u1ec1n V\u0169 v\u00e0 Chu T\u01b0\u1edbc.\u00a0Ch\u00fang \u0111\u01b0\u1ee3c ng\u01b0\u1eddi x\u01b0a t\u1ea1o ra t\u1eeb b\u1ed1n ch\u00f2m sao c\u00f9ng t\u00ean \u1edf b\u1ed1n ph\u01b0\u01a1ng tr\u1eddi. Ch\u00fang mang b\u00ean m\u00ecnh b\u1ed1n nguy\u00ean t\u1ed1 t\u1ea1o th\u00e0nh tr\u1eddi \u0111\u1ea5t theo quan ni\u1ec7m c\u1ee7a ng\u01b0\u1eddi x\u01b0a (l\u1eeda, n\u01b0\u1edbc, \u0111\u1ea5t v\u00e0 gi\u00f3). \u0110\u1ea7y \u0111\u1ee7 v\u00e0 h\u00f2a h\u1ee3p c\u00e1c nguy\u00ean t\u1ed1 tr\u00ean ch\u00ednh l\u00e0 ti\u00eau ch\u00ed \u0111\u1ec3 l\u1ef1a ch\u1ecdn kinh \u0111\u00f4 c\u1ee7a c\u00e1c b\u1eadc \u0111\u1ebf v\u01b0\u01a1ng th\u1eddi x\u01b0a.<\/li>\n<li>\u1ede ch\u00ednh gi\u1eefa m\u00e2m l\u00e0 <strong>ch\u1eef T\u00e2m . Xung quanh v\u00f2ng tr\u00f2n \u0111\u1ed3ng t\u00e2m l\u00e0 12 con gi\u00e1p\u00a0<\/strong><\/li>\n<li>M\u00e2m ch\u1eef <strong>T\u00e2m<\/strong> tr\u01b0\u1edbc l\u00e0 \u0111\u1ec3 trang tr\u00ed sau l\u00e0 th\u1ec3 hi\u1ec7n c\u00e1i <strong>T\u00e2m<\/strong> h\u01b0\u1edbng thi\u1ec7n c\u1ee7a gia ch\u1ee7. L\u00e0m vi\u1ec7c g\u00ec c\u0169ng v\u1eady gi\u1eef v\u1eefng ch\u1eef <strong>T\u00e2m<\/strong> ch\u1eef <strong>T\u00e0i<\/strong> ch\u1eef <strong>L\u1ed9c<\/strong> theo \u0111u\u1ed5i .<\/li>\n<li>K\u00edch th\u01b0\u1edbc : R\u1ed9ng 52cm D\u00e0y 6zem .<\/li>\n<li><img decoding=\"async\" loading=\"lazy\" class=\" wp-image-3323 aligncenter\" src=\"http:\/\/mau3.maudep.com.vn\/dodong\/wp-content\/uploads\/2019\/06\/ea5912fbea8e0dd0549f-225x300.jpg\" alt=\"m\u00e2m \u0111\u1ed3ng ch\u1eef T\u00e2m\" width=\"500\" height=\"667\" srcset=\"https:\/\/dodong.mauthemewp.com\/wp-content\/uploads\/2019\/06\/ea5912fbea8e0dd0549f-225x300.jpg 225w, https:\/\/dodong.mauthemewp.com\/wp-content\/uploads\/2019\/06\/ea5912fbea8e0dd0549f-768x1024.jpg 768w, https:\/\/dodong.mauthemewp.com\/wp-content\/uploads\/2019\/06\/ea5912fbea8e0dd0549f-135x180.jpg 135w, https:\/\/dodong.mauthemewp.com\/wp-content\/uploads\/2019\/06\/ea5912fbea8e0dd0549f-450x600.jpg 450w, https:\/\/dodong.mauthemewp.com\/wp-content\/uploads\/2019\/06\/ea5912fbea8e0dd0549f.jpg 1536w\" sizes=\"(max-width: 500px) 100vw, 500px\" \/><\/li>\n<li style=\"text-align: center;\"><span style=\"font-size: 20px; color: #ff0000;\"><strong>Thi\u1ec7n C\u0103n \u1ede T\u1ea1i l\u00f2ng Ta<\/strong><\/span><\/li>\n<li style=\"text-align: center;\"><span style=\"font-size: 20px; color: #ff0000;\"><strong>Ch\u1eef T\u00e2m Kia M\u1edbi B\u1eb1ng Ba Ch\u1eef T\u00e0i<\/strong><\/span><\/li>\n<\/ul>\n","protected":false},"excerpt":{"rendered":"<ul>\n<li>Uy t\u00edn \u2013 Ch\u1ea5t l\u01b0\u1ee3ng<\/li>\n<li>Si\u00eau b\u1ec1n si\u00eau \u0111\u1eb9p theo th\u1eddi gian<\/li>\n<li>Nguy\u00ean li\u1ec7u \u0111\u1ed3ng cao c\u1ea5p<\/li>\n<li>Ch\u1ea1m kh\u1eafc th\u1ee7 c\u00f4ng \u2013 tinh x\u1ea3o<\/li>\n<li>Lu\u00f4n c\u00f3 \u01b0u \u0111\u00e3i cho kh\u00e1ch h\u00e0ng<\/li>\n<li>T\u01b0 v\u1ea5n 24\/7<\/li>\n<li>Free ship to\u00e0n qu\u1ed1c<\/li>\n<\/ul>\n","protected":false},"featured_media":3323,"comment_status":"open","ping_status":"closed","template":"","meta":[],"_links":{"self":[{"href":"https:\/\/dodong.mauthemewp.com\/index.php?rest_route=\/wp\/v2\/product\/3073"}],"collection":[{"href":"https:\/\/dodong.mauthemewp.com\/index.php?rest_route=\/wp\/v2\/product"}],"about":[{"href":"https:\/\/dodong.mauthemewp.com\/index.php?rest_route=\/wp\/v2\/types\/product"}],"replies":[{"embeddable":true,"href":"https:\/\/dodong.mauthemewp.com\/index.php?rest_route=%2Fwp%2Fv2%2Fcomments&post=3073"}],"wp:featuredmedia":[{"embeddable":true,"href":"https:\/\/dodong.mauthemewp.com\/index.php?rest_route=\/wp\/v2\/media\/3323"}],"wp:attachment":[{"href":"https:\/\/dodong.mauthemewp.com\/index.php?rest_route=%2Fwp%2Fv2%2Fmedia&parent=3073"}],"curies":[{"name":"wp","href":"https:\/\/api.w.org\/{rel}","templated":true}]}}