{"id":2215,"date":"2018-12-27T11:24:58","date_gmt":"2018-12-27T04:24:58","guid":{"rendered":"https:\/\/romanwatch.vn\/?page_id=2215"},"modified":"2019-06-26T23:52:36","modified_gmt":"2019-06-26T16:52:36","slug":"cau-hoi-thuong-gap","status":"publish","type":"page","link":"https:\/\/dodong.mauthemewp.com\/?page_id=2215","title":{"rendered":"C\u00e2u h\u1ecfi th\u01b0\u1eddng g\u1eb7p"},"content":{"rendered":"<div class=\"container container-header\">\n<div id=\"main_container\" class=\"mt20\">\n<div class=\"main-column\">\n<div class=\"wrapper_news_home cf\">\n<div class=\"news_home_left\">\n<div class=\"news_detail \">\n<div class=\"description\">\n<p><strong>1. Ngu\u1ed3n g\u1ed1c, xu\u1ea5t x\u1ee9 c\u1ee7a \u0111\u1ed3 \u0111\u1ed3ng l\u1ea5y g\u00ec \u0111\u1ea3m b\u1ea3o?<\/strong><\/p>\n<p>+ \u0110\u00e2y l\u00e0 s\u1ea3n ph\u1ea9m ch\u00ednh h\u00e3ng t\u1eeb c\u00e1c ngh\u1ec7 nh\u00e2n l\u00e0ng ngh\u1ec1 ch\u1ea1m b\u1ea1c \u0110\u1ed3ng X\u00e2m, c\u00e1c m\u1eabu m\u00e3 s\u1ea3n ph\u1ea9m \u0111\u1ec1u \u0111\u01b0\u1ee3c l\u00e0m th\u1ee7 c\u00f4ng tinh x\u1ea3o theo \u0111\u01a1n h\u00e0ng ti\u00eau chu\u1ea9n c\u1ee7a DoDongMQ.<\/p>\n<p>+ DoDongMQ ph\u00e2n ph\u1ed1i v\u00e0 b\u1ea3o h\u00e0nh ch\u00ednh th\u1ee9c t\u1ea1i Vi\u1ec7t Nam. C\u00e1c m\u1eabu m\u00e3 \u0111a d\u1ea1ng v\u00e0 cam k\u1ebft ch\u1ea5t l\u01b0\u1ee3ng t\u1ed1t nh\u1ea5t.<\/p>\n<p>+ N\u1ebfu nh\u01b0 qu\u00fd kh\u00e1ch \u0111\u1eb7t h\u00e0ng theo y\u00eau c\u1ea7u th\u00ec c\u00f3 m\u00f4 h\u00ecnh th\u0103m quan v\u00e0 \u0111\u1ebfn t\u1eadn x\u01b0\u1edfng \u0111\u1ec3 ki\u1ec3m tra qu\u00e1 tr\u00ecnh gia c\u00f4ng cho s\u1ea3n ph\u1ea9m c\u1ee7a m\u00ecnh.<\/p>\n<p><strong>2. N\u1ebfu s\u1ea3n ph\u1ea9m c\u1ee7a c\u00f4ng ty khi mua v\u1ec1 m\u00e0 ph\u00e1t hi\u1ec7n ra kh\u00f4ng \u0111\u00fang nh\u01b0 nh\u1eefng l\u1eddi gi\u1edbi thi\u1ec7u ho\u1eb7c \u0111\u1ea3m b\u1ea3o th\u00ec sao?<\/strong><\/p>\n<p>Qu\u00fd kh\u00e1ch c\u00f3 th\u1ec3 \u0111em s\u1ea3n ph\u1ea9m \u0111i ki\u1ec3m \u0111\u1ecbnh, ho\u1eb7c c\u00e1ch nhanh nh\u1ea5t l\u00e0 x\u1eed d\u1ee5ng nam ch\u00e2m \u0111\u1ec3 ph\u00e2n bi\u1ec7t nhanh( tr\u1eeb c\u00e1c s\u1ea3n ph\u1ea9m c\u00f3 \u0111\u1ebf \u0111\u01b0\u1ee3c l\u00e0m t\u1eeb nh\u1ef1a , khung h\u00ecnh \u0111\u01b0\u1ee3c l\u00e0m t\u1eeb g\u1ed7&#8230;). N\u1ebfu s\u1ea3n ph\u1ea9m kh\u00f4ng \u0111\u00fang nh\u01b0 khi gi\u1edbi thi\u1ec7u, ch\u1ea5t l\u01b0\u1ee3ng \u0111\u1ed3ng kh\u00f4ng t\u1ed1t, ngu\u1ed3n g\u1ed1c xu\u1ea5t x\u1ee9 th\u00ec DoDongMQ xin ch\u1ecbu tr\u00e1ch nhi\u1ec7m v\u00e0 b\u1ed3i ho\u00e0n ti\u1ec1n cho qu\u00fd kh\u00e1ch.<\/p>\n<p><strong>3. Ch\u1ea1m b\u1ea1c \u0110\u1ed3ng X\u00e2m nghe l\u1ea1 qu\u00e1, t\u00f4i ch\u01b0a bao gi\u1edd nghe th\u1ea5y.<\/strong><\/p>\n<p>-Tu\u1ed5i \u0111\u1eddi h\u01a1n 600 n\u0103m t\u1eeb th\u1ebf k\u1ef7 th\u1ee9 15 ng\u01b0\u1eddi d\u00e2n t\u1ea1i l\u00e0ng \u0111\u01b0\u1ee3c truy\u1ec1n ngh\u1ec1 t\u1eeb \u0111\u1eddi n\u00e0y sang \u0111\u1eddi kh\u00e1c, ng\u00f4i l\u00e0ng \u0111\u00e3 tr\u1ea3i qua bi\u1ebft bao cu\u1ed9c chi\u1ebfn t\u1eeb ngo\u1ea1i x\u00e2m \u0111\u1ebfn n\u1ed9i x\u00e2m l\u00e0m x\u00e1o tr\u1ed9n cu\u1ed9c s\u1ed1ng c\u1ee7a ng\u01b0\u1eddi d\u00e2n n\u01a1i \u0111\u00e2y v\u00e0 tr\u1ef1c ti\u1ebfp l\u00e0m \u1ea3nh h\u01b0\u1edfng t\u1edbi ngh\u1ec1 truy\u1ec1n th\u1ed1ng c\u1ee7a l\u00e0ng. H\u1ea7u h\u1ebft nh\u1eefng ng\u01b0\u1eddi \u0111\u01b0\u1ee3c bi\u1ebft \u0111\u1ebfn l\u00e0ng ngh\u1ec1 ch\u1ee7 y\u1ebfu l\u00e0 c\u00e1c v\u00f9ng l\u00e2n c\u1eadn .<\/p>\n<p>-B\u01b0\u1edbc v\u00e0o th\u1eddi \u0111\u1ea1i c\u1ee7a c\u01a1 ch\u1ebf th\u00ec tr\u01b0\u1eddng khi Vi\u1ec7t Nam gia nh\u1eadp WTO v\u00e0 b\u00f9ng n\u1ed5 m\u1ea1ng internet ,MXH th\u00ec m\u00f4 h\u00ecnh kinh doanh h\u1ed9 gia \u0111\u00ecnh, c\u00f4ng ty t\u1ea1i \u0111\u1ecba ph\u01b0\u01a1ng m\u1edbi b\u1eaft \u0111\u1ea7u ph\u00e1t huy nh\u01b0ng \u0111i\u1ec3m y\u1ebfu v\u1eabn l\u00e0 truy\u1ec1n th\u00f4ng.<\/p>\n<p>-Hi\u1ec7n t\u1ea1i th\u00ec l\u00e0ng \u0111\u00e3 \u0111\u01b0\u1ee3c bi\u1ebft \u0111\u1ebfn r\u1ed9ng r\u00e3i tr\u00ean to\u00e0n Vi\u1ec7t Nam , m\u1ecdi ng\u01b0\u1eddi b\u1eaft \u0111\u1ea7u bi\u1ebft \u0111\u1ebfn nh\u1eefng ng\u01b0\u1eddi ngh\u1ec7 nh\u00e2n ch\u1ea1m b\u1ea1c \u0110\u1ed3ng X\u00e2m , bi\u1ebft t\u1edbi s\u1ea3n ph\u1ea9m \u0111\u1eb9p m\u1eaft tinh x\u1ea3o m\u00e0 r\u1ea5t ch\u1ea5t l\u01b0\u1ee3ng c\u1ee7a l\u00e0ng.<\/p>\n<p><strong>4. Sao \u0111\u1ed3 \u0111\u1ed3ng\u00a0DoDongMQ l\u1ea1i r\u1ebb h\u01a1n so v\u1edbi th\u1ecb tr\u01b0\u1eddng v\u1eady?<\/strong><\/p>\n<p>Sau khi \u0111\u01b0\u1ee3c gia c\u00f4ng tr\u1ef1c ti\u1ebfp t\u1ea1i c\u00e1c x\u01b0\u1edfng l\u00e0ng ngh\u1ec1 \u0110\u1ed3ng X\u00e2m th\u00ec s\u1ebd chuy\u1ec3n t\u1edbi tay kh\u00e1ch h\u00e0ng n\u00ean kh\u00e1ch h\u00e0ng s\u1ebd \u0111\u01b0\u1ee3c mua v\u1edbi gi\u00e1 xu\u1ea5t x\u01b0\u1edfng nh\u01b0 b\u00e1n s\u1ec9.<\/p>\n<p>&nbsp;<\/p>\n<\/div>\n<\/div>\n<\/div>\n<\/div>\n<\/div>\n<\/div>\n<\/div>\n","protected":false},"excerpt":{"rendered":"<p>1. Ngu\u1ed3n g\u1ed1c, xu\u1ea5t x\u1ee9 c\u1ee7a \u0111\u1ed3 \u0111\u1ed3ng l\u1ea5y g\u00ec \u0111\u1ea3m b\u1ea3o? + \u0110\u00e2y l\u00e0 s\u1ea3n ph\u1ea9m ch\u00ednh h\u00e3ng t\u1eeb &hellip; <a class=\"link-more\" href=\"https:\/\/dodong.mauthemewp.com\/?page_id=2215\" class=\"more-link\">\u0110\u1ecdc th\u00eam &raquo;<span class=\"screen-reader-text\"> &#8220;C\u00e2u h\u1ecfi th\u01b0\u1eddng g\u1eb7p&#8221;<\/span><\/a><\/p>\n","protected":false},"author":1,"featured_media":0,"parent":0,"menu_order":0,"comment_status":"closed","ping_status":"closed","template":"","meta":{"footnotes":""},"_links":{"self":[{"href":"https:\/\/dodong.mauthemewp.com\/index.php?rest_route=\/wp\/v2\/pages\/2215"}],"collection":[{"href":"https:\/\/dodong.mauthemewp.com\/index.php?rest_route=\/wp\/v2\/pages"}],"about":[{"href":"https:\/\/dodong.mauthemewp.com\/index.php?rest_route=\/wp\/v2\/types\/page"}],"author":[{"embeddable":true,"href":"https:\/\/dodong.mauthemewp.com\/index.php?rest_route=\/wp\/v2\/users\/1"}],"replies":[{"embeddable":true,"href":"https:\/\/dodong.mauthemewp.com\/index.php?rest_route=%2Fwp%2Fv2%2Fcomments&post=2215"}],"version-history":[{"count":4,"href":"https:\/\/dodong.mauthemewp.com\/index.php?rest_route=\/wp\/v2\/pages\/2215\/revisions"}],"predecessor-version":[{"id":3113,"href":"https:\/\/dodong.mauthemewp.com\/index.php?rest_route=\/wp\/v2\/pages\/2215\/revisions\/3113"}],"wp:attachment":[{"href":"https:\/\/dodong.mauthemewp.com\/index.php?rest_route=%2Fwp%2Fv2%2Fmedia&parent=2215"}],"curies":[{"name":"wp","href":"https:\/\/api.w.org\/{rel}","templated":true}]}}