{"id":2209,"date":"2018-12-27T11:24:14","date_gmt":"2018-12-27T04:24:14","guid":{"rendered":"https:\/\/romanwatch.vn\/?page_id=2209"},"modified":"2019-06-27T00:00:24","modified_gmt":"2019-06-26T17:00:24","slug":"huong-dan-thanh-toan","status":"publish","type":"page","link":"https:\/\/dodong.mauthemewp.com\/?page_id=2209","title":{"rendered":"H\u01b0\u1edbng d\u1eabn thanh to\u00e1n"},"content":{"rendered":"<p><span style=\"font-size: 20px;\"><strong>1. Thanh to\u00e1n ti\u1ec1n m\u1eb7t t\u1ea1i nh\u00e0 khi nh\u1eadn h\u00e0ng th\u00f4ng qua h\u00ecnh th\u1ee9c giao h\u00e0ng tr\u1ef1c ti\u1ebfp, chuy\u1ec3n ph\u00e1t nhanh ho\u1eb7c COD:<\/strong><\/span><\/p>\n<p><span style=\"font-size: 20px;\">Khi nh\u00e2n vi\u00ean giao h\u00e0ng giao ph\u00e1t, kh\u00e1ch h\u00e0ng ki\u1ec3m tra s\u1ea3n ph\u1ea9m v\u1ec1 h\u00ecnh th\u1ee9c \u0111\u1ea3m b\u1ea3o, kh\u00e1ch h\u00e0ng nh\u1eadn h\u00e0ng v\u00e0 thanh to\u00e1n tr\u1ef1c ti\u1ebfp cho nh\u00e2n vi\u00ean giao h\u00e0ng theo gi\u00e1 tr\u1ecb ti\u1ec1n tr\u00ean h\u00f3a \u0111\u01a1n. Ngo\u00e0i ra kh\u00e1ch h\u00e0ng kh\u00f4ng ph\u1ea3i thanh to\u00e1n b\u1ea5t k\u1ef3 1 chi ph\u00ed n\u00e0o kh\u00e1c.<\/span><\/p>\n<p><span style=\"font-size: 20px;\"><strong>2. Chuy\u1ec3n kho\u1ea3n qua ng\u00e2n h\u00e0ng:<\/strong><\/span><\/p>\n<p><span style=\"font-size: 20px;\">N\u1ebfu \u0111\u1ecba \u0111i\u1ec3m giao h\u00e0ng l\u00e0 ngo\u1ea1i th\u00e0nh, ngo\u1ea1i t\u1ec9nh nh\u01b0ng kh\u00e1c v\u1edbi \u0111\u1ecba \u0111i\u1ec3m thanh to\u00e1n (trong tr\u01b0\u1eddng h\u1ee3p Qu\u00fd kh\u00e1ch g\u1eedi qu\u00e0, g\u1eedi h\u00e0ng cho b\u1ea1n b\u00e8, \u0111\u1ed1i t\u00e1c \u2026) ch\u00fang t\u00f4i s\u1ebd thu ti\u1ec1n tr\u01b0\u1edbc 100% gi\u00e1 tr\u1ecb h\u00e0ng b\u1eb1ng ph\u01b0\u01a1ng th\u1ee9c chuy\u1ec3n kho\u1ea3n tr\u01b0\u1edbc khi giao h\u00e0ng. Kh\u00e1ch h\u00e0ng \u0111\u01b0\u1ee3c mi\u1ec5n ph\u00ed v\u1eadn chuy\u1ec3n<\/span><\/p>\n<p><span style=\"font-size: 20px;\">Kh\u00e1ch h\u00e0ng c\u00f3 th\u1ec3 ho\u00e0n to\u00e0n y\u00ean t\u00e2m v\u1edbi h\u00ecnh th\u1ee9c thanh to\u00e1n n\u00e0y. v\u00ec khi chuy\u1ec3n ti\u1ec1n \u1edf ng\u00e2n h\u00e0ng , ng\u00e2n h\u00e0ng s\u1ebd \u0111\u01b0a cho b\u1ea1n m\u1ed9t gi\u1ea5y \u1ee7y nhi\u1ec7m chi trong \u0111\u00f3 c\u00f3 s\u1ed1 ti\u1ec1n v\u00e0 s\u1ed1 TK m\u00e0\u00a0 b\u1ea1n chuy\u1ec3n ti\u1ec1n t\u1edbi, n\u00ean c\u00e1c b\u1ea1n\u00a0 kh\u00f4ng ph\u1ea3i lo l\u1eafng m\u00ecnh chuy\u1ec3n ti\u1ec1n r\u1ed3i m\u00e0 DoDongMQ kh\u00f4ng chuy\u1ec3n h\u00e0ng, gi\u1ea5y \u1ee7y nhi\u1ec7m chi \u0111\u00f3 ch\u00ednh l\u00e0 b\u1eb1ng ch\u1ee9ng b\u1ea1n \u0111\u00e3 chuy\u1ec3n ti\u1ec1n\u00a0 v\u00e0\u00a0 ng\u00e2n h\u00e0ng\u00a0 m\u00e0 b\u1ea1n chuy\u00ean ti\u1ec1n c\u00f3 th\u1ec3 l\u00e0m r\u00f5 \u0111i\u1ec1u \u0111\u00f3 cho b\u1ea1n. Ch\u00fang t\u00f4i\u00a0 b\u00e1n h\u00e0ng lu\u00f4n \u0111\u0103t ch\u1eef\u00a0 t\u00edn\u00a0 l\u00ean \u0111\u1ea7u v\u00e0 lu\u00f4n c\u1ed1 g\u1eafng c\u00f3 nh\u1eefng ch\u1ea5t l\u01b0\u1ee3ng d\u1ecbch v\u1ee5 t\u1ed1t nh\u1ea5t v\u1edbi kh\u00e1ch h\u00e0ng.<\/span><\/p>\n<p><span style=\"font-size: 20px;\">Th\u00f4ng tin s\u1ed1 t\u00e0i kho\u1ea3n giao d\u1ecbch v\u1edbi DoDongMQ :<\/span><\/p>\n<table style=\"height: 73px;\" width=\"380\">\n<tbody>\n<tr>\n<td style=\"width: 182px;\"><img decoding=\"async\" loading=\"lazy\" class=\"alignnone wp-image-3115\" src=\"http:\/\/mau3.maudep.com.vn\/dodong\/wp-content\/uploads\/2019\/06\/thebank_thebank_nganhangbidv_1545267922min_1560827381-300x189.jpg\" alt=\"\" width=\"221\" height=\"139\" srcset=\"https:\/\/dodong.mauthemewp.com\/wp-content\/uploads\/2019\/06\/thebank_thebank_nganhangbidv_1545267922min_1560827381-300x189.jpg 300w, https:\/\/dodong.mauthemewp.com\/wp-content\/uploads\/2019\/06\/thebank_thebank_nganhangbidv_1545267922min_1560827381-768x483.jpg 768w, https:\/\/dodong.mauthemewp.com\/wp-content\/uploads\/2019\/06\/thebank_thebank_nganhangbidv_1545267922min_1560827381-1024x644.jpg 1024w, https:\/\/dodong.mauthemewp.com\/wp-content\/uploads\/2019\/06\/thebank_thebank_nganhangbidv_1545267922min_1560827381-180x113.jpg 180w, https:\/\/dodong.mauthemewp.com\/wp-content\/uploads\/2019\/06\/thebank_thebank_nganhangbidv_1545267922min_1560827381-600x377.jpg 600w, https:\/\/dodong.mauthemewp.com\/wp-content\/uploads\/2019\/06\/thebank_thebank_nganhangbidv_1545267922min_1560827381.jpg 1135w\" sizes=\"(max-width: 221px) 100vw, 221px\" \/><\/td>\n<td style=\"width: 182px;\">TK: Ho\u00e0ng \u0110\u1ee9c M\u1ea1nh<\/p>\n<p>STK:57310000144153<\/td>\n<\/tr>\n<\/tbody>\n<\/table>\n","protected":false},"excerpt":{"rendered":"<p>1. Thanh to\u00e1n ti\u1ec1n m\u1eb7t t\u1ea1i nh\u00e0 khi nh\u1eadn h\u00e0ng th\u00f4ng qua h\u00ecnh th\u1ee9c giao h\u00e0ng tr\u1ef1c ti\u1ebfp, chuy\u1ec3n ph\u00e1t &hellip; <a class=\"link-more\" href=\"https:\/\/dodong.mauthemewp.com\/?page_id=2209\" class=\"more-link\">\u0110\u1ecdc th\u00eam &raquo;<span class=\"screen-reader-text\"> &#8220;H\u01b0\u1edbng d\u1eabn thanh to\u00e1n&#8221;<\/span><\/a><\/p>\n","protected":false},"author":1,"featured_media":0,"parent":0,"menu_order":0,"comment_status":"closed","ping_status":"closed","template":"","meta":{"footnotes":""},"_links":{"self":[{"href":"https:\/\/dodong.mauthemewp.com\/index.php?rest_route=\/wp\/v2\/pages\/2209"}],"collection":[{"href":"https:\/\/dodong.mauthemewp.com\/index.php?rest_route=\/wp\/v2\/pages"}],"about":[{"href":"https:\/\/dodong.mauthemewp.com\/index.php?rest_route=\/wp\/v2\/types\/page"}],"author":[{"embeddable":true,"href":"https:\/\/dodong.mauthemewp.com\/index.php?rest_route=\/wp\/v2\/users\/1"}],"replies":[{"embeddable":true,"href":"https:\/\/dodong.mauthemewp.com\/index.php?rest_route=%2Fwp%2Fv2%2Fcomments&post=2209"}],"version-history":[{"count":4,"href":"https:\/\/dodong.mauthemewp.com\/index.php?rest_route=\/wp\/v2\/pages\/2209\/revisions"}],"predecessor-version":[{"id":3117,"href":"https:\/\/dodong.mauthemewp.com\/index.php?rest_route=\/wp\/v2\/pages\/2209\/revisions\/3117"}],"wp:attachment":[{"href":"https:\/\/dodong.mauthemewp.com\/index.php?rest_route=%2Fwp%2Fv2%2Fmedia&parent=2209"}],"curies":[{"name":"wp","href":"https:\/\/api.w.org\/{rel}","templated":true}]}}