{"id":2200,"date":"2018-12-27T11:21:49","date_gmt":"2018-12-27T04:21:49","guid":{"rendered":"https:\/\/romanwatch.vn\/?page_id=2200"},"modified":"2019-06-26T19:12:47","modified_gmt":"2019-06-26T12:12:47","slug":"chinh-sach-van-chuyen-mien-phi","status":"publish","type":"page","link":"https:\/\/dodong.mauthemewp.com\/?page_id=2200","title":{"rendered":"Ch\u00ednh s\u00e1ch v\u1eadn chuy\u1ec3n mi\u1ec5n ph\u00ed"},"content":{"rendered":"<p><b>1. PH\u1ea0M VI \u00c1P D\u1ee4NG:<\/b><\/p>\n<p>DoDongMQ giao h\u00e0ng b\u1eb1ng d\u1ecbch v\u1ee5 Ph\u00e1t chuy\u1ec3n nhanh t\u1edbi \u0111\u1ecba ch\u1ec9 theo y\u00eau c\u1ea7u c\u1ee7a kh\u00e1ch h\u00e0ng tr\u00ean to\u00e0n qu\u1ed1c v\u00e0 ho\u00e0n to\u00e0n mi\u1ec5n ph\u00ed.<\/p>\n<p><b>2. TH\u1edcI GIAN GIAO H\u00c0NG :<\/b><\/p>\n<p>Sau khi ch\u00fang t\u00f4i nh\u1eadn \u0111\u01b0\u1ee3c \u0111\u1ee7 s\u1ed1 ti\u1ec1n kh\u00e1ch h\u00e0ng thanh to\u00e1n cho s\u1ea3n ph\u1ea9m \u0111\u00e3 \u0111\u1eb7t mua, DoDongMQ\u00a0s\u1ebd ti\u1ebfn h\u00e0nh giao h\u00e0ng t\u1edbi kh\u00e1ch h\u00e0ng theo th\u1eddi gian nh\u01b0 sau:<\/p>\n<p>&#8211; V\u1edbi c\u00e1c s\u1ea3n ph\u1ea9m c\u00f3 s\u1eb5n trong kho ch\u00fang t\u00f4i s\u1ebd giao h\u00e0ng trong n\u1ed9i th\u00e0nh H\u00e0 N\u1ed9i v\u00e0 t\u1ec9nh Th\u00e1i B\u00ecnh trong 24h k\u1ec3 t\u1eeb th\u1eddi \u0111i\u1ec3m kh\u00e1ch h\u00e0ng \u0111\u1eb7t mua v\u00e0 ch\u00fang t\u00f4i ti\u1ebfp nh\u1eadn th\u00f4ng tin thanh to\u00e1n t\u1eeb ph\u00eda kh\u00e1ch h\u00e0ng<\/p>\n<p>&#8211; \u0110\u1ed1i v\u1edbi kh\u00e1ch h\u00e0ng \u1edf ngo\u1ea1i th\u00e0nh H\u00e0 N\u1ed9i, c\u00e1c T\u1ec9nh\/Th\u00e0nh ph\u1ed1 kh\u00e1c ch\u00fang t\u00f4i s\u1ebd giao h\u00e0ng trong v\u00f2ng 3-7 ng\u00e0y b\u1eb1ng h\u00ecnh th\u1ee9c Ph\u00e1t chuy\u1ec3n nhanh. Th\u1eddi gian tr\u00ean kh\u00f4ng t\u00ednh c\u00e1c ng\u00e0y l\u1ec5, ng\u00e0y ngh\u1ec9.<\/p>\n<p>&#8211; \u0110\u1ed1i v\u1edbi m\u1ed9t s\u1ed1 m\u1eb7t h\u00e0ng gia c\u00f4ng theo y\u00eau c\u1ea7u c\u1ee7a kh\u00e1ch h\u00e0ng th\u00ec th\u1eddi gian ch\u00fang t\u00f4i s\u1ebd ch\u1ee7 \u0111\u1ed9ng li\u00ean h\u1ec7 v\u1edbi kh\u00e1ch h\u00e0ng<\/p>\n<p>Ngo\u00e0i c\u00e1c h\u00ecnh th\u1ee9c giao h\u00e0ng tr\u00ean, ch\u00fang t\u00f4i s\u1ebd \u00e1p d\u1ee5ng ch\u00ednh s\u00e1ch giao h\u00e0ng ngay l\u1eadp t\u1ee9c n\u1ebfu c\u00f3 kh\u1ea3 n\u0103ng ho\u1eb7c c\u00f3 nh\u1eefng th\u1ecfa thu\u1eadn ho\u1eb7c y\u00eau c\u1ea7u \u0111\u1eb7c bi\u1ec7t c\u1ee7a kh\u00e1ch h\u00e0ng. Tuy nhi\u00ean, trong m\u1ed9t s\u1ed1 tr\u01b0\u1eddng h\u1ee3p kh\u00e1ch quan DoDongMQ\u00a0c\u00f3 th\u1ec3 giao h\u00e0ng ch\u1eadm tr\u1ec5 so v\u1edbi th\u1eddi gian cam k\u1ebft do nh\u1eefng \u0111i\u1ec1u ki\u1ec7n b\u1ea5t kh\u1ea3 kh\u00e1ng nh\u01b0 th\u1eddi ti\u1ebft x\u1ea5u, \u0111i\u1ec1u ki\u1ec7n giao th\u00f4ng kh\u00f4ng thu\u1eadn l\u1ee3i, m\u00e1y bay tr\u1ec5 chuy\u1ebfn, xe h\u1ecfng h\u00f3c tr\u00ean \u0111\u01b0\u1eddng giao h\u00e0ng, tr\u1ee5c tr\u1eb7c trong qu\u00e1 tr\u00ecnh xu\u1ea5t h\u00e0ng.<\/p>\n<p><img decoding=\"async\" loading=\"lazy\" class=\"size-full wp-image-3084 aligncenter\" src=\"http:\/\/mau3.maudep.com.vn\/dodong\/wp-content\/uploads\/2019\/06\/logo-1.png\" alt=\"\" width=\"224\" height=\"136\" srcset=\"https:\/\/dodong.mauthemewp.com\/wp-content\/uploads\/2019\/06\/logo-1.png 224w, https:\/\/dodong.mauthemewp.com\/wp-content\/uploads\/2019\/06\/logo-1-180x109.png 180w\" sizes=\"(max-width: 224px) 100vw, 224px\" \/><\/p>\n<div><\/div>\n<div>\n<p><strong>3. TR\u00c1CH NHI\u1ec6M V\u1edaI H\u00c0NG H\u00d3A V\u1eacN CHUY\u1ec2N<\/strong><\/p>\n<p>&#8211; D\u1ecbch v\u1ee5 v\u1eadn chuy\u1ec3n do DoDongMQ ho\u1eb7c do ch\u00fang t\u00f4i ch\u1ec9 \u0111\u1ecbnh s\u1ebd ch\u1ecbu tr\u00e1ch nhi\u1ec7m v\u1edbi h\u00e0ng h\u00f3a v\u00e0 c\u00e1c r\u1ee7i ro nh\u01b0 m\u1ea5t m\u00e1t ho\u1eb7c h\u01b0 h\u1ea1i c\u1ee7a h\u00e0ng h\u00f3a trong su\u1ed1t qu\u00e1 tr\u00ecnh v\u1eadn chuy\u1ec3n h\u00e0ng t\u1eeb DoDongMQ\u00a0\u0111\u1ebfn kh\u00e1ch h\u00e0ng.<\/p>\n<p>&#8211; Kh\u00e1ch h\u00e0ng c\u00f3 tr\u00e1ch nhi\u1ec7m ki\u1ec3m tra h\u00e0ng h\u00f3a khi nh\u1eadn h\u00e0ng. Khi ph\u00e1t hi\u1ec7n h\u00e0ng h\u00f3a b\u1ecb h\u01b0 h\u1ea1i, tr\u1ea7y x\u01b0\u1edbc, b\u1ec3 v\u1ee1, m\u1ed1p m\u00e9o, ho\u1eb7c sai m\u1eabu m\u00e3 so v\u1edbi h\u00e0ng \u0111\u00e3 \u0111\u1eb7t mua th\u00ec k\u00fd x\u00e1c nh\u1eadn t\u00ecnh tr\u1ea1ng h\u00e0ng h\u00f3a v\u1edbi Nh\u00e2n vi\u00ean giao nh\u1eadn v\u00e0 th\u00f4ng b\u00e1o ngay cho ch\u00fang t\u00f4i \u0111\u1ec3 gi\u1ea3i quy\u1ebft.<\/p>\n<p>&#8211; Sau khi kh\u00e1ch \u0111\u00e3 k\u00fd nh\u1eadn h\u00e0ng m\u00e0 kh\u00f4ng ghi ch\u00fa ho\u1eb7c c\u00f3 \u00fd ki\u1ebfn v\u1ec1 h\u00e0ng h\u00f3a, \u0111\u1ed3ng ngh\u0129a v\u1edbi vi\u1ec7c DoDongMQ\u00a0kh\u00f4ng c\u00f3 tr\u00e1ch nhi\u1ec7m v\u1edbi nh\u1eefng y\u00eau c\u1ea7u \u0111\u1ed5i tr\u1ea3 v\u00ec h\u01b0 h\u1ecfng, tr\u1ea7y x\u01b0\u1edbc, b\u1ec3 v\u1ee1, m\u1ed1p m\u00e9o, sai h\u00e0ng h\u00f3a, vv\u2026 sau n\u00e0y.<\/p>\n<p>&#8211; N\u1ebfu d\u1ecbch v\u1ee5 v\u1eadn chuy\u1ec3n do kh\u00e1ch ch\u1ec9 \u0111\u1ecbnh ho\u1eb7c nh\u1edd ng\u01b0\u1eddi th\u00e2n, b\u1ea1n b\u00e8 chuy\u1ec3n gi\u00fap th\u00ec kh\u00e1ch h\u00e0ng s\u1ebd ch\u1ecbu tr\u00e1ch nhi\u1ec7m v\u1edbi h\u00e0ng h\u00f3a v\u00e0 c\u00e1c r\u1ee7i ro nh\u01b0 m\u1ea5t m\u00e1t ho\u1eb7c h\u01b0 h\u1ea1i c\u1ee7a h\u00e0ng h\u00f3a trong su\u1ed1t qu\u00e1 tr\u00ecnh v\u1eadn chuy\u1ec3n h\u00e0ng t\u1eeb DoDongMQ\u00a0\u0111\u1ebfn kh\u00e1ch h\u00e0ng. Trong tr\u01b0\u1eddng h\u1ee3p n\u00e0y kh\u00e1ch h\u00e0ng s\u1ebd ch\u1ecbu tr\u00e1ch nhi\u1ec7m c\u01b0\u1edbc ph\u00ed v\u00e0 c\u00e1c t\u1ed5n th\u1ea5t li\u00ean quan.<\/p>\n<p><img decoding=\"async\" loading=\"lazy\" class=\"wp-image-2248 alignleft\" src=\"https:\/\/romanwatch.vn\/wp-content\/uploads\/2018\/12\/contact_icon.png\" alt=\"\" width=\"136\" height=\"117\" \/>Qu\u00fd kh\u00e1ch h\u00e0ng quan t\u00e2m vui l\u00f2ng g\u1ecdi \u0111i\u1ec7n tho\u1ea1i DoDongMQ\u00a0\u0111\u1ec3 \u0111\u01b0\u1ee3c h\u1ed7 tr\u1ee3 tr\u1ef1c ti\u1ebfp:<\/p>\n<\/div>\n<div><strong>Tel:<\/strong> 0968.226.968<\/div>\n<div><strong>Fanpage Facebook<\/strong>: https:\/\/www.facebook.com\/dodonghoanmymq<\/div>\n<div>\n<p><strong>Email: <\/strong>dodonghoanmy@gmail.com<\/p>\n<\/div>\n<div style=\"text-align: center;\"><b>R\u1ea5t h\u00e2n h\u1ea1nh \u0111\u00f3n ti\u1ebfp Qu\u00fd kh\u00e1ch !<\/b><\/div>\n<p>&nbsp;<\/p>\n<p>&nbsp;<\/p>\n<p>&nbsp;<\/p>\n<p>&nbsp;<\/p>\n<p>&nbsp;<\/p>\n","protected":false},"excerpt":{"rendered":"<p>1. PH\u1ea0M VI \u00c1P D\u1ee4NG: DoDongMQ giao h\u00e0ng b\u1eb1ng d\u1ecbch v\u1ee5 Ph\u00e1t chuy\u1ec3n nhanh t\u1edbi \u0111\u1ecba ch\u1ec9 theo y\u00eau c\u1ea7u &hellip; <a class=\"link-more\" href=\"https:\/\/dodong.mauthemewp.com\/?page_id=2200\" class=\"more-link\">\u0110\u1ecdc th\u00eam &raquo;<span class=\"screen-reader-text\"> &#8220;Ch\u00ednh s\u00e1ch v\u1eadn chuy\u1ec3n mi\u1ec5n ph\u00ed&#8221;<\/span><\/a><\/p>\n","protected":false},"author":1,"featured_media":0,"parent":0,"menu_order":0,"comment_status":"closed","ping_status":"closed","template":"","meta":{"footnotes":""},"_links":{"self":[{"href":"https:\/\/dodong.mauthemewp.com\/index.php?rest_route=\/wp\/v2\/pages\/2200"}],"collection":[{"href":"https:\/\/dodong.mauthemewp.com\/index.php?rest_route=\/wp\/v2\/pages"}],"about":[{"href":"https:\/\/dodong.mauthemewp.com\/index.php?rest_route=\/wp\/v2\/types\/page"}],"author":[{"embeddable":true,"href":"https:\/\/dodong.mauthemewp.com\/index.php?rest_route=\/wp\/v2\/users\/1"}],"replies":[{"embeddable":true,"href":"https:\/\/dodong.mauthemewp.com\/index.php?rest_route=%2Fwp%2Fv2%2Fcomments&post=2200"}],"version-history":[{"count":4,"href":"https:\/\/dodong.mauthemewp.com\/index.php?rest_route=\/wp\/v2\/pages\/2200\/revisions"}],"predecessor-version":[{"id":3106,"href":"https:\/\/dodong.mauthemewp.com\/index.php?rest_route=\/wp\/v2\/pages\/2200\/revisions\/3106"}],"wp:attachment":[{"href":"https:\/\/dodong.mauthemewp.com\/index.php?rest_route=%2Fwp%2Fv2%2Fmedia&parent=2200"}],"curies":[{"name":"wp","href":"https:\/\/api.w.org\/{rel}","templated":true}]}}