{"id":2194,"date":"2018-12-27T11:20:29","date_gmt":"2018-12-27T04:20:29","guid":{"rendered":"https:\/\/romanwatch.vn\/?page_id=2194"},"modified":"2019-06-26T19:01:38","modified_gmt":"2019-06-26T12:01:38","slug":"chinh-sach-bao-duong-mien-phi-5-nam","status":"publish","type":"page","link":"https:\/\/dodong.mauthemewp.com\/?page_id=2194","title":{"rendered":"Ch\u00ednh s\u00e1ch b\u1ea3o h\u00e0nh 5 n\u0103m"},"content":{"rendered":"<h1 class=\"title-detail\"><span id=\"ctl00_cphMain_ctl00_ltlTitle\" class=\"title-article\">C\u00c1C QUY \u0110\u1ecaNH V\u1ec0 B\u1ea2O H\u00c0NH<\/span><\/h1>\n<div class=\"content-detail\">\n<div>\n<div><b>1.\u00a0<\/b>T\u1ea5t c\u1ea3 \u0111\u1ed3 \u0111\u1ed3ng do DoDongMQ b\u00e1n ra\u00a0 \u0111\u01b0\u1ee3c b\u1ea3o h\u00e0nh l\u00ean \u0111\u1ebfn 5 n\u0103m cho s\u1ea3n ph\u1ea9m v\u00e0 ch\u1ecdn \u0111\u1eddi cho ch\u1ea5t l\u01b0\u1ee3ng.<\/div>\n<div><\/div>\n<div><strong>2<\/strong>. Trong v\u00f2ng 3 ng\u00e0y \u0111\u1ea7u k\u1ec3 t\u1eeb khi mua h\u00e0ng, kh\u00e1ch h\u00e0ng c\u00f3 th\u1ec3 \u0111\u1ed5i tr\u1ea3 s\u1ea3n ph\u1ea9m theo CH\u00cdNH S\u00c1CH \u0110\u1ed4I TR\u1ea2 c\u1ee7a DoDongMQ.<\/div>\n<div><\/div>\n<div><b>3.<\/b> C\u00e1c tr\u01b0\u1eddng h\u1ee3p h\u1eadu qu\u1ea3 gi\u00e1n ti\u1ebfp c\u1ee7a ng\u01b0\u1eddi mua nh\u01b0 l\u00e0m r\u01a1i , s\u1ef1 d\u1ee5ng b\u1ecb va qu\u1eb9t bi\u1ebfn d\u1ea1ng s\u1ea3n ph\u1ea9m ch\u00fang t\u00f4i v\u1eabn h\u1ed7 tr\u1ee3 ti\u1ebfp nh\u1eadn gia c\u00f4ng v\u00e0 ch\u1ec9nh s\u1eeda l\u1ea1i cho qu\u00fd kh\u00e1ch.<\/div>\n<div><\/div>\n<div><b>4.\u00a0<\/b>Kh\u00f4ng b\u1ea3o h\u00e0nh cho nh\u1eefng \u0111\u1ed3 \u0111\u1ed3ng kh\u00f4ng thu\u1ed9c s\u1ea3n ph\u1ea9m b\u00e1n ra c\u1ee7a\u00a0DoDongMQ<\/div>\n<div><\/div>\n<\/div>\n<p style=\"text-align: center;\">Xin c\u1ea3m \u01a1n c\u00e1c b\u1ea1n \u0111\u00e3 \u0111\u1ecdc !<\/p>\n<p>&nbsp;<\/p>\n<\/div>\n<p>&nbsp;<\/p>\n","protected":false},"excerpt":{"rendered":"<p>C\u00c1C QUY \u0110\u1ecaNH V\u1ec0 B\u1ea2O H\u00c0NH 1.\u00a0T\u1ea5t c\u1ea3 \u0111\u1ed3 \u0111\u1ed3ng do DoDongMQ b\u00e1n ra\u00a0 \u0111\u01b0\u1ee3c b\u1ea3o h\u00e0nh l\u00ean \u0111\u1ebfn 5 &hellip; <a class=\"link-more\" href=\"https:\/\/dodong.mauthemewp.com\/?page_id=2194\" class=\"more-link\">\u0110\u1ecdc th\u00eam &raquo;<span class=\"screen-reader-text\"> &#8220;Ch\u00ednh s\u00e1ch b\u1ea3o h\u00e0nh 5 n\u0103m&#8221;<\/span><\/a><\/p>\n","protected":false},"author":1,"featured_media":0,"parent":0,"menu_order":0,"comment_status":"closed","ping_status":"closed","template":"","meta":{"footnotes":""},"_links":{"self":[{"href":"https:\/\/dodong.mauthemewp.com\/index.php?rest_route=\/wp\/v2\/pages\/2194"}],"collection":[{"href":"https:\/\/dodong.mauthemewp.com\/index.php?rest_route=\/wp\/v2\/pages"}],"about":[{"href":"https:\/\/dodong.mauthemewp.com\/index.php?rest_route=\/wp\/v2\/types\/page"}],"author":[{"embeddable":true,"href":"https:\/\/dodong.mauthemewp.com\/index.php?rest_route=\/wp\/v2\/users\/1"}],"replies":[{"embeddable":true,"href":"https:\/\/dodong.mauthemewp.com\/index.php?rest_route=%2Fwp%2Fv2%2Fcomments&post=2194"}],"version-history":[{"count":4,"href":"https:\/\/dodong.mauthemewp.com\/index.php?rest_route=\/wp\/v2\/pages\/2194\/revisions"}],"predecessor-version":[{"id":3103,"href":"https:\/\/dodong.mauthemewp.com\/index.php?rest_route=\/wp\/v2\/pages\/2194\/revisions\/3103"}],"wp:attachment":[{"href":"https:\/\/dodong.mauthemewp.com\/index.php?rest_route=%2Fwp%2Fv2%2Fmedia&parent=2194"}],"curies":[{"name":"wp","href":"https:\/\/api.w.org\/{rel}","templated":true}]}}