{"id":15,"date":"2017-06-15T06:35:55","date_gmt":"2017-06-15T06:35:55","guid":{"rendered":"http:\/\/raothue.ddns.net\/demo\/rt-core\/?page_id=15"},"modified":"2019-08-19T09:41:24","modified_gmt":"2019-08-19T02:41:24","slug":"lien-he","status":"publish","type":"page","link":"https:\/\/dodong.mauthemewp.com\/?page_id=15","title":{"rendered":"Li\u00ean h\u1ec7"},"content":{"rendered":"<h5>TH\u00d4NG TIN V\u1ec0 CH\u00daNG T\u00d4I<\/h5>\n<ul>\n<li><i class=\"fa fa-map-marker\"><\/i>\u0110\u1ecba ch\u1ec9 b\u00e1n h\u00e0ng: S\u00f4\u0301 222 &#8211; T\u00f4\u0309 13 -Ki\u00ea\u0301n H\u01b0ng -Ha\u0300 \u0110\u00f4ng -Ha\u0300 n\u00f4\u0323i<\/li>\n<li>C\u01a1 s\u1edf s\u1ea3n xu\u1ea5t : \u0110\u1ed3ng X\u00e2m &#8211; H\u1ed3ng Th\u00e1i &#8211; Ki\u1ebfn X\u01b0\u01a1ng &#8211; Th\u00e1i B\u00ecnh<\/li>\n<li><i class=\"fa fa-phone-square\"><\/i>\u0110i\u1ec7n tho\u1ea1i : 0968 226 968<\/li>\n<li><i class=\"fa fa-phone\"><\/i>Page Fb:\u00a0https:\/\/www.facebook.com\/dodonghoanmyMQ\/<\/li>\n<li><i class=\"fa fa-envelope-o\"><\/i>Email : dodonghoanmy@gmail.com<\/li>\n<li><i class=\"fa fa-globe\"><\/i>Website : <a href=\"http:\/\/mau3.maudep.com.vn\/dodong\/\">www.mau3.maudep.com.vn\/dodong<\/a><\/li>\n<\/ul>\n","protected":false},"excerpt":{"rendered":"<p>TH\u00d4NG TIN V\u1ec0 CH\u00daNG T\u00d4I \u0110\u1ecba ch\u1ec9 b\u00e1n h\u00e0ng: S\u00f4\u0301 222 &#8211; T\u00f4\u0309 13 -Ki\u00ea\u0301n H\u01b0ng -Ha\u0300 \u0110\u00f4ng -Ha\u0300 n\u00f4\u0323i &hellip; <a class=\"link-more\" href=\"https:\/\/dodong.mauthemewp.com\/?page_id=15\" class=\"more-link\">\u0110\u1ecdc th\u00eam &raquo;<span class=\"screen-reader-text\"> &#8220;Li\u00ean h\u1ec7&#8221;<\/span><\/a><\/p>\n","protected":false},"author":1,"featured_media":0,"parent":0,"menu_order":0,"comment_status":"closed","ping_status":"closed","template":"rt-contact.php","meta":{"footnotes":""},"_links":{"self":[{"href":"https:\/\/dodong.mauthemewp.com\/index.php?rest_route=\/wp\/v2\/pages\/15"}],"collection":[{"href":"https:\/\/dodong.mauthemewp.com\/index.php?rest_route=\/wp\/v2\/pages"}],"about":[{"href":"https:\/\/dodong.mauthemewp.com\/index.php?rest_route=\/wp\/v2\/types\/page"}],"author":[{"embeddable":true,"href":"https:\/\/dodong.mauthemewp.com\/index.php?rest_route=\/wp\/v2\/users\/1"}],"replies":[{"embeddable":true,"href":"https:\/\/dodong.mauthemewp.com\/index.php?rest_route=%2Fwp%2Fv2%2Fcomments&post=15"}],"version-history":[{"count":4,"href":"https:\/\/dodong.mauthemewp.com\/index.php?rest_route=\/wp\/v2\/pages\/15\/revisions"}],"predecessor-version":[{"id":3334,"href":"https:\/\/dodong.mauthemewp.com\/index.php?rest_route=\/wp\/v2\/pages\/15\/revisions\/3334"}],"wp:attachment":[{"href":"https:\/\/dodong.mauthemewp.com\/index.php?rest_route=%2Fwp%2Fv2%2Fmedia&parent=15"}],"curies":[{"name":"wp","href":"https:\/\/api.w.org\/{rel}","templated":true}]}}