{"id":121,"date":"2017-11-06T14:23:06","date_gmt":"2017-11-06T07:23:06","guid":{"rendered":"http:\/\/tuan.raothue.com\/theme\/Dec\/?page_id=121"},"modified":"2019-08-19T09:40:50","modified_gmt":"2019-08-19T02:40:50","slug":"gioi-thieu","status":"publish","type":"page","link":"https:\/\/dodong.mauthemewp.com\/?page_id=121","title":{"rendered":"Gi\u1edbi thi\u1ec7u"},"content":{"rendered":"<p><strong>Ch\u00e0o m\u1eebng b\u1ea1n \u0111\u00e3 \u0111\u1ebfn v\u1edbi DoDongMQ<\/strong><\/p>\n<p>Ngay khi b\u1ea1n \u0111\u1eb7t ch\u00e2n \u0111\u1ebfn \u0111\u00e2y, ch\u1eafc h\u1eb3n b\u1ea1n \u0111ang mu\u1ed1n t\u00ecm hi\u1ec3u th\u00eam v\u1ec1 DoDongMQ v\u00e0 quan t\u00e2m \u0111\u1ebfn nh\u1eefng m\u1eabu \u0111\u1ed3 \u0111\u1ed3ng c\u1ee7a ch\u00fang t\u00f4i.<\/p>\n<p>Ngay l\u00fac n\u00e0y, ch\u00fang t\u00f4i hi\u1ec3u \u0111\u01b0\u1ee3c nh\u1eefng b\u0103n kho\u0103n, tr\u0103n tr\u1edf c\u1ee7a b\u1ea1n. V\u00e0 tin r\u1eb1ng, ph\u1ea7n l\u1edbn th\u1eafc m\u1eafc c\u1ee7a b\u1ea1n s\u1ebd \u0111\u01b0\u1ee3c gi\u1ea3i \u0111\u00e1p ngay sau \u0111\u00e2y theo m\u1ed9t c\u00e1ch ch\u00e2n th\u1eadt nh\u1ea5t.<\/p>\n<p><strong>Ch\u00fang t\u00f4i l\u00e0 ai?<\/strong><\/p>\n<p>DoDongMQ l\u00e0 m\u1ed9t h\u1ec7 th\u1ed1ng ph\u00e2n ph\u1ed1i \u0111\u1ed3 \u0111\u1ed3ng ch\u00ednh h\u00e3ng t\u1ea1i l\u00e0ng ngh\u1ec1 \u0110\u1ed3ng X\u00e2m, chuy\u00ean gia c\u00f4ng ch\u1ebf t\u00e1c c\u00e1c m\u1eabu m\u00e3 \u0111a d\u1ea1ng v\u1ec1 \u0111\u1ed3 \u0111\u1ed3ng.<\/p>\n<p>C\u01a1 s\u1edf s\u1ea3n xu\u1ea5t: \u0110\u1ed3ng X\u00e2m &#8211; H\u1ed3ng Th\u00e1i &#8211; Ki\u1ebfn X\u01b0\u01a1ng &#8211; Th\u00e1i B\u00ecnh<\/p>\n<p>\u0110\u1ecba ch\u1ec9 b\u00e1n h\u00e0ng : S\u1ed1 222 &#8211; T\u1ed5 13 &#8211; Ki\u1ebfn H\u01b0ng &#8211; H\u00e0 \u0110\u00f4ng &#8211; H\u00e0 N\u1ed9i<\/p>\n<p>Cam k\u1ebft c\u1ee7a ch\u00fang t\u00f4i:<\/p>\n<ul>\n<li>T\u1ea5t c\u1ea3 s\u1ea3n ph\u1ea9m \u0110\u1ed3 \u0110\u1ed3ng c\u1ee7a DoDongMQ \u0111\u1ec1u \u0111\u01b0\u1ee3c gia c\u00f4ng tinh x\u1ea3o \u0111i\u00eau li\u1ec7u. Nguy\u00ean li\u1ec7u 100% \u0111\u1ed3ng nguy\u00ean ch\u1ea5t.<\/li>\n<li>N\u1ebfu s\u1ea3n ph\u1ea9m ph\u00e2n ph\u1ed1i t\u1eeb ch\u00fang t\u00f4i \u0111\u01b0\u1ee3c ph\u00e1t hi\u1ec7n l\u00e0 h\u00e0ng gi\u1ea3, h\u00e0ng k\u00e9m ch\u1ea5t l\u01b0\u1ee3ng, DoDongMQ xin b\u1ed3i th\u01b0\u1eddng Qu\u00fd Kh\u00e1ch g\u1ea5p 2 l\u1ea7n gi\u00e1 tr\u1ecb s\u1ea3n ph\u1ea9m \u0111\u00f3.<\/li>\n<\/ul>\n<p><strong>C\u00e1c h\u00ecnh th\u1ee9c thanh to\u00e1n<\/strong><\/p>\n<p>THANH TO\u00c1N SAU KHI KI\u1ec2M TRA V\u00c0 NH\u1eacN H\u00c0NG .<\/p>\n<p>THANH TO\u00c1N C\u1eccC TR\u01af\u1edaC 20-30% V\u1edaI C\u00c1C S\u1ea2N PH\u1ea8M GIA C\u00d4NG THEO Y\u00caU C\u1ea6U \u0110\u1eb6T H\u00c0NG C\u1ee6A QU\u00dd KH\u00c1CH.<\/p>\n<p>H\u1ed6 TR\u1ee2 QU\u00dd KH\u00c1CH TR\u1ea2 G\u00d3P QUA TH\u1eba VISA CREDIT ( 12 NG\u00c2N H\u00c0NG ).<\/p>\n<p>H\u1ed6 TR\u1ee2 QUAY \u0110\u1ea6U S\u1ea2N PH\u1ea8M THEO THO\u1ea2 THU\u1eacN.<\/p>\n<p><strong>Ch\u00ednh s\u00e1ch giao h\u00e0ng<\/strong><\/p>\n<p>Free ship m\u1ecdi mi\u1ec1n T\u1ed5 Qu\u1ed1c-Ship Cod nh\u1eadn h\u00e0ng thanh to\u00e1n ( c\u00f3 \u0111\u1eb7t c\u1ecdc )<\/p>\n<p>M\u1ecdi s\u1ea3n ph\u1ea9m t\u1ea1i DoDongMQ \u0111\u1ec1u \u0111\u01b0\u1ee3c b\u1ea3o h\u00e0nh theo ti\u00eau chu\u1ea9n &#8211; h\u1ed7 tr\u1ee3 kh\u00e1ch h\u00e0ng tr\u1ecdn \u0111\u1eddi !<\/p>\n<p style=\"text-align: left;\">DoDongMQ ph\u1ee5c v\u1ee5 ni\u1ec1m \u0110AM M\u00ca ch\u01a1i \u0110\u1ed2NG \u0110\u1ed2NG PHONG TH\u1ee6Y c\u1ee7a anh em tr\u00ean m\u1ecdi mi\u1ec1n T\u1ed5 Qu\u1ed1c trong m\u1ecdi ph\u00e2n kh\u00fac, m\u1ecdi t\u1ea7m\u00a0gi\u00e1. Kh\u00f4ng ph\u00e2n bi\u1ec7t \u0111\u1ecba v\u1ecb giai c\u1ea5p, kh\u00f4ng ph\u00e2n bi\u1ec7t gi\u00e0u ngh\u00e8o&#8230;DoDongMQ xin \u0111em m\u1ecdi t\u00e2m huy\u1ebft, 200% nhi\u1ec7t huy\u1ebft ph\u1ee5c v\u1ee5 ni\u1ec1m \u0110AM M\u00ca, ph\u1ee5c v\u1ee5 nhu c\u1ea7u c\u1ee7a Qu\u00fd Kh\u00e1ch H\u00e0ng.<\/p>\n<p style=\"margin: 0in 0in 0.0001pt; text-align: center;\"><span style=\"color: #000000; font-size: 20px;\"><strong><span style=\"font-family: Arial, sans-serif;\">DODONGMQ<\/span><\/strong><\/span><\/p>\n<p style=\"margin: 0in 0in 0.0001pt; text-align: center;\"><span style=\"color: #000000; font-size: 16px;\"><em><span style=\"font-family: Arial, sans-serif;\">\u00d0i\u0323a chi\u0309: 222-T\u1ed5 13-Ki\u1ebfn H\u01b0ng-H\u00e0 \u0110\u00f4ng-H\u00e0 N\u1ed9i<\/span><\/em><\/span><\/p>\n<p style=\"margin: 0in 0in 0.0001pt; box-sizing: border-box; font-variant-ligatures: normal; font-variant-caps: normal; orphans: 2; text-align: center; widows: 2; -webkit-text-stroke-width: 0px; word-spacing: 0px;\"><span style=\"box-sizing: border-box; color: #000000; font-size: 16px;\"><em style=\"box-sizing: border-box;\"><span style=\"font-family: Arial, sans-serif;\">Tel: <span style=\"color: #ff0000;\">0968.226.968<\/span><\/span><\/em><\/span><\/p>\n<p style=\"margin: 0in 0in 0.0001pt; box-sizing: border-box; font-variant-ligatures: normal; font-variant-caps: normal; orphans: 2; text-align: center; widows: 2; -webkit-text-stroke-width: 0px; word-spacing: 0px;\"><span style=\"box-sizing: border-box; color: #000000; font-size: 16px;\"><em style=\"box-sizing: border-box;\"><span style=\"font-family: Arial, sans-serif;\">Fanpage Facebook: <span style=\"color: #0000ff;\"><a style=\"color: #0000ff;\" href=\"https:\/\/www.facebook.com\/romanwatch.vn\">https:\/\/www.facebook.com\/dodonghoanmymq<\/a><\/span><\/span><\/em><\/span><\/p>\n<p style=\"margin: 0in 0in 0.0001pt; box-sizing: border-box; font-variant-ligatures: normal; font-variant-caps: normal; orphans: 2; text-align: center; widows: 2; -webkit-text-stroke-width: 0px; word-spacing: 0px;\"><span style=\"box-sizing: border-box; color: #000000; font-size: 16px;\"><em style=\"box-sizing: border-box;\"><span style=\"font-family: Arial, sans-serif;\">Email: dodonghoanmy@gmail.com<\/span><\/em><\/span><\/p>\n","protected":false},"excerpt":{"rendered":"<p>Ch\u00e0o m\u1eebng b\u1ea1n \u0111\u00e3 \u0111\u1ebfn v\u1edbi DoDongMQ Ngay khi b\u1ea1n \u0111\u1eb7t ch\u00e2n \u0111\u1ebfn \u0111\u00e2y, ch\u1eafc h\u1eb3n b\u1ea1n \u0111ang mu\u1ed1n t\u00ecm &hellip; <a class=\"link-more\" href=\"https:\/\/dodong.mauthemewp.com\/?page_id=121\" class=\"more-link\">\u0110\u1ecdc th\u00eam &raquo;<span class=\"screen-reader-text\"> &#8220;Gi\u1edbi thi\u1ec7u&#8221;<\/span><\/a><\/p>\n","protected":false},"author":1,"featured_media":0,"parent":0,"menu_order":0,"comment_status":"closed","ping_status":"closed","template":"","meta":{"footnotes":""},"_links":{"self":[{"href":"https:\/\/dodong.mauthemewp.com\/index.php?rest_route=\/wp\/v2\/pages\/121"}],"collection":[{"href":"https:\/\/dodong.mauthemewp.com\/index.php?rest_route=\/wp\/v2\/pages"}],"about":[{"href":"https:\/\/dodong.mauthemewp.com\/index.php?rest_route=\/wp\/v2\/types\/page"}],"author":[{"embeddable":true,"href":"https:\/\/dodong.mauthemewp.com\/index.php?rest_route=\/wp\/v2\/users\/1"}],"replies":[{"embeddable":true,"href":"https:\/\/dodong.mauthemewp.com\/index.php?rest_route=%2Fwp%2Fv2%2Fcomments&post=121"}],"version-history":[{"count":3,"href":"https:\/\/dodong.mauthemewp.com\/index.php?rest_route=\/wp\/v2\/pages\/121\/revisions"}],"predecessor-version":[{"id":3333,"href":"https:\/\/dodong.mauthemewp.com\/index.php?rest_route=\/wp\/v2\/pages\/121\/revisions\/3333"}],"wp:attachment":[{"href":"https:\/\/dodong.mauthemewp.com\/index.php?rest_route=%2Fwp%2Fv2%2Fmedia&parent=121"}],"curies":[{"name":"wp","href":"https:\/\/api.w.org\/{rel}","templated":true}]}}